{"id":4307,"date":"2026-01-24T13:41:46","date_gmt":"2026-01-24T13:41:46","guid":{"rendered":"https:\/\/ayarireinigung.ch\/?page_id=4307"},"modified":"2026-01-24T13:41:46","modified_gmt":"2026-01-24T13:41:46","slug":"glas-fensterreinigung","status":"publish","type":"page","link":"https:\/\/ayarireinigung.ch\/?page_id=4307","title":{"rendered":"Glas\u2011 &#038; Fensterreinigung"},"content":{"rendered":"\t\t<div data-elementor-type=\"wp-page\" data-elementor-id=\"4307\" class=\"elementor elementor-4307\">\n\t\t\t\t\t\t<section class=\"elementor-section elementor-top-section elementor-element elementor-element-066df86 elementor-section-full_width elementor-section-height-default elementor-section-height-default\" data-id=\"066df86\" data-element_type=\"section\" data-e-type=\"section\">\n\t\t\t\t\t\t<div class=\"elementor-container elementor-column-gap-default\">\n\t\t\t\t\t<div class=\"elementor-column elementor-col-100 elementor-top-column elementor-element elementor-element-f4767dd\" data-id=\"f4767dd\" data-element_type=\"column\" data-e-type=\"column\">\n\t\t\t<div class=\"elementor-widget-wrap elementor-element-populated\">\n\t\t\t\t\t\t<div class=\"elementor-element elementor-element-c267398 elementor-widget elementor-widget-homlane_ta_service_details_v1\" data-id=\"c267398\" data-element_type=\"widget\" data-e-type=\"widget\" data-widget_type=\"homlane_ta_service_details_v1.default\">\n\t\t\t\t<div class=\"elementor-widget-container\">\n\t\t\t\t\t    \n    <!-- single-service-four -->\n    <section class=\"single-service-five\">\n        <div class=\"container\">\n            <div class=\"row clearfix\">\n                                <div class=\"col-lg-12 col-md-12 col-sm-12 content-side\">\n                    <div class=\"service-details-content\">\n                        <div class=\"content-one\">\n                            <div class=\"image-inner\">\n                                <div class=\"row clearfix\">\n                                                                        <div class=\"col-lg-8 col-md-6 col-sm-12 single-image\">\n                                        <figure class=\"image-box image-1\"><img decoding=\"async\" src=\"https:\/\/ayarireinigung.ch\/wp-content\/uploads\/2022\/04\/chooseus-1-2.jpg\" alt=\"Awesome Image\"><\/figure>\n                                    <\/div>\n                                                                                                            <div class=\"col-lg-4 col-md-6 col-sm-12 single-image\">\n                                        <figure class=\"image-box image-2\"><img decoding=\"async\" src=\"https:\/\/ayarireinigung.ch\/wp-content\/uploads\/2022\/04\/about-19-2.jpg\" alt=\"Awesome Image\"><\/figure>\n                                    <\/div>\n                                                                    <\/div>\n                            <\/div>\n                                                        <div class=\"text\">\n                                <h2>Glasklare Fenster f\u00fcr ein strahlendes Zuhause oder B\u00fcro<\/h2>\n                                <p>Unsere Fensterreinigung sorgt daf\u00fcr, dass Ihre Fenster streifenfrei und gl\u00e4nzend sind \u2013 sowohl innen als auch au\u00dfen. Wir verwenden professionelle Reinigungsmittel und Techniken, um Staub, Schmutz, Kalk und Fingerabdr\u00fccke effektiv zu entfernen.<\/p>\n                            <p>Wir k\u00fcmmern uns auch um schwer zug\u00e4ngliche Fenster und Glasfl\u00e4chen. Unser Team sorgt daf\u00fcr, dass jeder Winkel sauber bleibt, und verwendet dabei umweltfreundliche Reinigungsmittel, die sicher f\u00fcr Kinder, Haustiere und Pflanzen sind.<\/p>                            <\/div>\n                                                    <\/div>\n                        <div class=\"content-two\">\n                            <div class=\"row clearfix\">\n                                                                <div class=\"col-lg-6 col-md-6 col-sm-12 image-column\">\n                                    <figure class=\"image-box\"><img decoding=\"async\" src=\"https:\/\/ayarireinigung.ch\/wp-content\/uploads\/2022\/04\/service-27-2.jpg\" alt=\"Awesome Image\"><\/figure>\n                                <\/div>\n                                 \n                                <div class=\"col-lg-6 col-md-6 col-sm-12 text-column\">\n                                    <div class=\"text\">\n                                        <h3>Unsere Leistungen im Bereich Glas- &amp; Fensterreinigung<\/h3>\n                                       \t<p>Unsere Fensterreinigung umfasst alle wichtigen Leistungen f\u00fcr ein perfektes Ergebnis. Mit viel Sorgfalt und professioneller Ausr\u00fcstung sorgen wir daf\u00fcr, dass Ihre Glasfl\u00e4chen dauerhaft sauber, gepflegt und strahlend bleiben.<\/p>\n                                        \t\t\t\t\t\t\t\t\t\t<ul class=\"list clearfix\">\n\t\t\t\t\t\t\t\t\t\t\t\t\t\t\t\t\t\t\t\t   <li>Reinigung von Innen- und Au\u00dfenfenstern<\/li>\n\t\t\t\t\t\t\t\t\t\t\t\t\t\t\t\t\t\t\t\t   <li>Rahmen, Fensterb\u00e4nke und Rahmenprofile gr\u00fcndlich s\u00e4ubern<\/li>\n\t\t\t\t\t\t\t\t\t\t\t\t\t\t\t\t\t\t\t\t   <li><\/li>\n\t\t\t\t\t\t\t\t\t\t\t\t\t\t\t\t\t\t\t\t   <li>Entfernung von hartn\u00e4ckigen Flecken, Staub und Kalk<\/li>\n\t\t\t\t\t\t\t\t\t\t\t\t\t\t\t\t\t\t\t\t   <li><\/li>\n\t\t\t\t\t\t\t\t\t\t\t\t\t\t\t\t\t\t\t\t   <li>Optional: Wintergarten, Glasd\u00e4cher oder Solarpanels reinigen<\/li>\n\t\t\t\t\t\t\t\t\t\t\t\t\t\t\t\t\t\t\t\t   <li><\/li>\n\t\t\t\t\t\t\t\t\t\t\t\t\t\t\t\t\t\t\t\t   <li>Flexible Termine f\u00fcr regelm\u00e4\u00dfige oder einmalige Reinigung<\/li>\n\t\t\t\t\t\t\t\t\t\t\t\t\t\t\t\t\t\t\t\t   <li><\/li>\n\t\t\t\t\t\t\t\t\t\t\t\t\t\t\t\t\t\t\t\t   <li>Umweltfreundliche Reinigungsmittel ohne Chemikalien<\/li>\n\t\t\t\t\t\t\t\t\t\t\t\t\t\t\t\t\t\t\t\t<\/ul>\n\t\t\t\t\t\t\t\t\t\t                                    <\/div>\n                                <\/div>\n                            <\/div>\n                        <\/div>\n                        <div class=\"content-four\">\n                                                        <div class=\"text\">\n                                <h3>Mehr Informationen<\/h3>\n                            <\/div>\n                                                        <div class=\"row clearfix\">\n                                <div class=\"col-lg-8 col-md-12 col-sm-12 accordion-column\">\n                                    <div class=\"accordion-box\">\n                                                                                <div class=\"accordion accordion-block\">\n                                            <div class=\"accord-btn\"><h4>Wie oft sollte eine Fensterreinigung durchgef\u00fchrt werden?<\/h4><\/div>\n                                            <div class=\"accord-content\">\n                                                <p>Je nach Lage und Nutzung empfehlen wir eine Fensterreinigung alle 2 bis 4 Monate. F\u00fcr B\u00fcros oder stark frequentierte Bereiche kann eine h\u00e4ufigere Reinigung sinnvoll sein.<\/p>\n                                            <\/div>\n                                        <\/div>\n                                                                                <div class=\"accordion accordion-block\">\n                                            <div class=\"accord-btn\"><h4>Reinigen Sie auch schwer zug\u00e4ngliche Fenster?<\/h4><\/div>\n                                            <div class=\"accord-content\">\n                                                <p>Ja, wir verf\u00fcgen \u00fcber die passende Ausr\u00fcstung und Erfahrung, um auch hohe oder schwer erreichbare Glasfl\u00e4chen sicher zu reinigen.<\/p>\n                                            <\/div>\n                                        <\/div>\n                                                                                <div class=\"accordion accordion-block\">\n                                            <div class=\"accord-btn\"><h4>Verwenden Sie umweltfreundliche Reinigungsmittel?<\/h4><\/div>\n                                            <div class=\"accord-content\">\n                                                <p>Selbstverst\u00e4ndlich. Wir arbeiten mit umweltfreundlichen, chemiefreien Produkten, die schonend f\u00fcr Mensch, Tier und Umwelt sind.<\/p>\n                                            <\/div>\n                                        <\/div>\n                                                                                <div class=\"accordion accordion-block\">\n                                            <div class=\"accord-btn\"><h4>Bieten Sie regelm\u00e4\u00dfige Reinigungspl\u00e4ne an?<\/h4><\/div>\n                                            <div class=\"accord-content\">\n                                                <p>Ja, wir bieten flexible Abonnements f\u00fcr regelm\u00e4\u00dfige Reinigungen sowie einmalige Eins\u00e4tze nach Bedarf an.<\/p>\n                                            <\/div>\n                                        <\/div>\n                                                                            <\/div>\n                                <\/div>\n                                                                <div class=\"col-lg-4 col-md-12 col-sm-12 info-column\">\n                                    <div class=\"contact-info\">\n                                        <figure class=\"image\"><img decoding=\"async\" src=\"https:\/\/ayarireinigung.ch\/wp-content\/uploads\/2022\/04\/single-service-1-2.png\" alt=\"Awesome Image\"><\/figure>\n                                        <h4>Haben Sie Bedarf an professionellen Reinigungsdiensten?<\/h4>\n                                        <a href=\"https:\/\/ayarireinigung.ch\/?page_id=2266\" class=\"theme-btn-two\">kONTAKT<\/a>\n                                    <\/div>\n                                <\/div>\n                                                            <\/div>\n                        <\/div>\n                    <\/div>\n                <\/div>\n            <\/div>\n        <\/div>\n    <\/section>\n    <!-- single-service-four end -->\n        \n        \t\t\t\t<\/div>\n\t\t\t\t<\/div>\n\t\t\t\t\t<\/div>\n\t\t<\/div>\n\t\t\t\t\t<\/div>\n\t\t<\/section>\n\t\t\t\t<\/div>\n\t\t","protected":false},"excerpt":{"rendered":"<p>Glasklare Fenster f\u00fcr ein strahlendes Zuhause oder B\u00fcro Unsere Fensterreinigung sorgt daf\u00fcr, dass Ihre Fenster streifenfrei und gl\u00e4nzend sind \u2013 sowohl innen als auch au\u00dfen. Wir verwenden professionelle Reinigungsmittel und Techniken, um Staub, Schmutz, Kalk und Fingerabdr\u00fccke effektiv zu entfernen. Wir k\u00fcmmern uns auch um schwer zug\u00e4ngliche Fenster und Glasfl\u00e4chen. Unser Team sorgt daf\u00fcr, dass [&hellip;]<\/p>\n","protected":false},"author":1,"featured_media":0,"parent":0,"menu_order":0,"comment_status":"closed","ping_status":"closed","template":"tpl-default-elementor.php","meta":{"footnotes":""},"class_list":["post-4307","page","type-page","status-publish","hentry"],"_hostinger_reach_plugin_has_subscription_block":false,"_hostinger_reach_plugin_is_elementor":false,"_links":{"self":[{"href":"https:\/\/ayarireinigung.ch\/index.php?rest_route=\/wp\/v2\/pages\/4307","targetHints":{"allow":["GET"]}}],"collection":[{"href":"https:\/\/ayarireinigung.ch\/index.php?rest_route=\/wp\/v2\/pages"}],"about":[{"href":"https:\/\/ayarireinigung.ch\/index.php?rest_route=\/wp\/v2\/types\/page"}],"author":[{"embeddable":true,"href":"https:\/\/ayarireinigung.ch\/index.php?rest_route=\/wp\/v2\/users\/1"}],"replies":[{"embeddable":true,"href":"https:\/\/ayarireinigung.ch\/index.php?rest_route=%2Fwp%2Fv2%2Fcomments&post=4307"}],"version-history":[{"count":2,"href":"https:\/\/ayarireinigung.ch\/index.php?rest_route=\/wp\/v2\/pages\/4307\/revisions"}],"predecessor-version":[{"id":4321,"href":"https:\/\/ayarireinigung.ch\/index.php?rest_route=\/wp\/v2\/pages\/4307\/revisions\/4321"}],"wp:attachment":[{"href":"https:\/\/ayarireinigung.ch\/index.php?rest_route=%2Fwp%2Fv2%2Fmedia&parent=4307"}],"curies":[{"name":"wp","href":"https:\/\/api.w.org\/{rel}","templated":true}]}}