{"id":4290,"date":"2026-01-24T13:15:37","date_gmt":"2026-01-24T13:15:37","guid":{"rendered":"https:\/\/ayarireinigung.ch\/?page_id=4290"},"modified":"2026-01-24T13:54:20","modified_gmt":"2026-01-24T13:54:20","slug":"baureinigung","status":"publish","type":"page","link":"https:\/\/ayarireinigung.ch\/?page_id=4290","title":{"rendered":"Baureinigung"},"content":{"rendered":"\t\t<div data-elementor-type=\"wp-page\" data-elementor-id=\"4290\" class=\"elementor elementor-4290\">\n\t\t\t\t\t\t<section class=\"elementor-section elementor-top-section elementor-element elementor-element-d160718 elementor-section-full_width elementor-section-height-default elementor-section-height-default\" data-id=\"d160718\" data-element_type=\"section\" data-e-type=\"section\">\n\t\t\t\t\t\t<div class=\"elementor-container elementor-column-gap-default\">\n\t\t\t\t\t<div class=\"elementor-column elementor-col-100 elementor-top-column elementor-element elementor-element-d51066c\" data-id=\"d51066c\" data-element_type=\"column\" data-e-type=\"column\">\n\t\t\t<div class=\"elementor-widget-wrap elementor-element-populated\">\n\t\t\t\t\t\t<div class=\"elementor-element elementor-element-d8c313f elementor-widget elementor-widget-homlane_ta_page_banner\" data-id=\"d8c313f\" data-element_type=\"widget\" data-e-type=\"widget\" data-widget_type=\"homlane_ta_page_banner.default\">\n\t\t\t\t<div class=\"elementor-widget-container\">\n\t\t\t\t\t                <!-- Page Title -->\n        <section class=\"page-title\" style=\"background-image: url(https:\/\/ayarireinigung.ch\/wp-content\/uploads\/2022\/05\/gallery-57-2.jpg);\">\n            <div class=\"pattern-layer\" style=\"background-image: url(https:\/\/ayarireinigung.ch\/wp-content\/uploads\/2022\/05\/shape-43-2.png);\"><\/div>\n            <div class=\"auto-container\">\n                <div class=\"content-box\">\n                    <div class=\"title\">\n                        <h1>Baureinigung<\/h1>\n                    <\/div>\n                    <ul class=\"bread-crumb clearfix\">\n                        <li class=\"breadcrumb-item\"><a href=\"https:\/\/ayarireinigung.ch\/\">Home<\/a><\/li><li class=\"breadcrumb-item\"><a href=\"https:\/\/ayarireinigung.ch\/?page_id=4290\">Baureinigung<\/a><\/li>                    <\/ul>\n                <\/div>\n            <\/div>\n        <\/section>\n        <!-- End Page Title -->\n\t\t        \t\t\t\t<\/div>\n\t\t\t\t<\/div>\n\t\t\t\t\t<\/div>\n\t\t<\/div>\n\t\t\t\t\t<\/div>\n\t\t<\/section>\n\t\t\t\t<section class=\"elementor-section elementor-top-section elementor-element elementor-element-6b83bb1 elementor-section-full_width elementor-section-height-default elementor-section-height-default\" data-id=\"6b83bb1\" data-element_type=\"section\" data-e-type=\"section\">\n\t\t\t\t\t\t<div class=\"elementor-container elementor-column-gap-default\">\n\t\t\t\t\t<div class=\"elementor-column elementor-col-100 elementor-top-column elementor-element elementor-element-01af5be\" data-id=\"01af5be\" data-element_type=\"column\" data-e-type=\"column\">\n\t\t\t<div class=\"elementor-widget-wrap elementor-element-populated\">\n\t\t\t\t\t\t<div class=\"elementor-element elementor-element-fbe38b2 elementor-widget elementor-widget-homlane_ta_service_section_v1\" data-id=\"fbe38b2\" data-element_type=\"widget\" data-e-type=\"widget\" data-widget_type=\"homlane_ta_service_section_v1.default\">\n\t\t\t\t<div class=\"elementor-widget-container\">\n\t\t\t\t\t\t\n    <!-- single-service-one -->\n    <section class=\"single-service-one\">\n        <div class=\"container\">\n            <div class=\"row clearfix\">\n                <div class=\"col-lg-6 col-md-12 col-sm-12 image-column\">\n                    <div class=\"image-box\">\n                        <figure class=\"image\"><img decoding=\"async\" src=\"https:\/\/ayarireinigung.ch\/wp-content\/uploads\/2026\/01\/man-operating-special-equipment-cleaning-construction-site-scaled.jpg\" alt=\"Awesome Image\"><\/figure>                                            <\/div>\n                <\/div>\n                <div class=\"col-lg-6 col-md-12 col-sm-12 content-column\">\n                    <div class=\"content-box\">\n                                                <div class=\"sec-title-two\">\n                            <span class=\"sub-title\">Servicedetails<\/span>                            <h2>Sauberer Baustellenabschluss f\u00fcr Ihre Projekte\n<\/h2>                        <\/div>\n                                                <div class=\"text\">\n                            <p>Mit unserer professionellen Baureinigung erf\u00fcllen wir die hohen Anforderungen von Bauherren, Architekten und Eigent\u00fcmern. Jedes Detail der Baustelle wird sorgf\u00e4ltig gereinigt, f\u00fcr einen sicheren und makellosen \u00dcbergang in die Nutzung. Wir sorgen daf\u00fcr, dass Ihr Geb\u00e4ude nach der Bauphase sofort bezugsfertig und einladend ist.<\/p>\n                            \t\t\t\t\t\t\t<ul class=\"list clearfix\">\n\t\t\t\t\t\t\t\t\t\t\t\t\t\t   <li>Entfernung von Bauschutt und Staub<\/li>\n\t\t\t\t\t\t\t\t\t\t\t\t\t\t   <li><\/li>\n\t\t\t\t\t\t\t\t\t\t\t\t\t\t   <li>Reinigung von B\u00f6den, W\u00e4nden und Fenstern<\/li>\n\t\t\t\t\t\t\t\t\t\t\t\t\t\t   <li>Entfernung von Farbspritzern und Flecken<\/li>\n\t\t\t\t\t\t\t\t\t\t\t\t\t\t   <li>Pflege von Oberfl\u00e4chen und B\u00f6den<\/li>\n\t\t\t\t\t\t\t\t\t\t\t\t\t\t   <li>Einsatz von umweltfreundlichen Reinigungsmitteln<\/li>\n\t\t\t\t\t\t\t\t\t\t\t\t\t\t<\/ul>\n\t\t\t\t\t\t\t                            <p><p>Vertrauen Sie auf unsere erfahrenen Reinigungsexperten \u2013 wir k\u00fcmmern uns um jedes Detail der Baustelle, damit Ihr Geb\u00e4ude nach der Bauphase sauber, sicher und bezugsfertig ist.<\/p>\n<\/p>\n                        <\/div>\n                    <\/div>\n                <\/div>\n            <\/div>\n        <\/div>\n    <\/section>\n    <!-- single-service-one end -->\n                \n        \t\t\t\t<\/div>\n\t\t\t\t<\/div>\n\t\t\t\t\t<\/div>\n\t\t<\/div>\n\t\t\t\t\t<\/div>\n\t\t<\/section>\n\t\t\t\t<section class=\"elementor-section elementor-top-section elementor-element elementor-element-32fda6f elementor-section-full_width elementor-section-height-default elementor-section-height-default\" data-id=\"32fda6f\" data-element_type=\"section\" data-e-type=\"section\">\n\t\t\t\t\t\t<div class=\"elementor-container elementor-column-gap-default\">\n\t\t\t\t\t<div class=\"elementor-column elementor-col-100 elementor-top-column elementor-element elementor-element-8649dc3\" data-id=\"8649dc3\" data-element_type=\"column\" data-e-type=\"column\">\n\t\t\t<div class=\"elementor-widget-wrap elementor-element-populated\">\n\t\t\t\t\t\t<div class=\"elementor-element elementor-element-ad5d463 elementor-widget elementor-widget-homlane_ta_service_section_v2\" data-id=\"ad5d463\" data-element_type=\"widget\" data-e-type=\"widget\" data-widget_type=\"homlane_ta_service_section_v2.default\">\n\t\t\t\t<div class=\"elementor-widget-container\">\n\t\t\t\t\t\t\n    <!-- single-service-two -->\n    <section class=\"single-service-two\">\n        <div class=\"container\">\n            <div class=\"row clearfix\">\n                <div class=\"col-lg-6 col-md-12 col-sm-12 left-column\">\n                    <div class=\"left-content\">\n                        <div class=\"text\">\n                            <h2>H\u00f6chste Standards f\u00fcr Ihre Baustelle<\/h2>                            <p>Unsere Baureinigung stellt sicher, dass Ihr Geb\u00e4ude nach Abschluss der Bauarbeiten makellos, sicher und bezugsfertig ist. Wir achten auf jedes Detail und sorgen daf\u00fcr, dass Ihre Baustelle effizient und professionell gereinigt wird.<\/p>                        <\/div>\n                        <figure class=\"image-box\"><img decoding=\"async\" src=\"https:\/\/ayarireinigung.ch\/wp-content\/uploads\/2026\/01\/portrait-engineers-work-hours-job-site-scaled.jpg\" alt=\"Awesome Image\"><\/figure>                    <\/div>\n                <\/div>\n                <div class=\"col-lg-6 col-md-12 col-sm-12 right-column\">\n                    <div class=\"right-content\">\n                        <h3>Qualit\u00e4t, der Sie vertrauen k\u00f6nnen<\/h3>\n                        <p>Mit unserer Baureinigung profitieren Sie von h\u00f6chster Qualit\u00e4t und professionellem Service. Wir setzen auf geschulte Fachkr\u00e4fte und bew\u00e4hrte Methoden, damit Sie sich auf saubere Ergebnisse verlassen k\u00f6nnen.\n<\/p>\n                        \t\t\t\t\t\t<ul class=\"list clearfix\">\n\t\t\t\t\t\t\t\t\t\t\t\t   <li>Erfahrenes Team<\/li>\n\t\t\t\t\t\t\t\t\t\t\t\t   <li>Sorgf\u00e4ltige Reinigung<\/li>\n\t\t\t\t\t\t\t\t\t\t\t\t   <li>Sichere Methoden<\/li>\n\t\t\t\t\t\t\t\t\t\t\t\t   <li>Nachhaltige Produkte<\/li>\n\t\t\t\t\t\t\t\t\t\t\t\t<\/ul>\n\t\t\t\t\t\t                    <\/div>\n                <\/div>\n            <\/div>\n        <\/div>\n    <\/section>\n    <!-- single-service-two end -->\n                \n        \t\t\t\t<\/div>\n\t\t\t\t<\/div>\n\t\t\t\t\t<\/div>\n\t\t<\/div>\n\t\t\t\t\t<\/div>\n\t\t<\/section>\n\t\t\t\t<section class=\"elementor-section elementor-top-section elementor-element elementor-element-3789987 elementor-section-full_width elementor-section-height-default elementor-section-height-default\" data-id=\"3789987\" data-element_type=\"section\" data-e-type=\"section\">\n\t\t\t\t\t\t<div class=\"elementor-container elementor-column-gap-default\">\n\t\t\t\t\t<div class=\"elementor-column elementor-col-100 elementor-top-column elementor-element elementor-element-27db043\" data-id=\"27db043\" data-element_type=\"column\" data-e-type=\"column\">\n\t\t\t<div class=\"elementor-widget-wrap elementor-element-populated\">\n\t\t\t\t\t\t<div class=\"elementor-element elementor-element-fc24bbd elementor-widget elementor-widget-homlane_ta_service_section_v3\" data-id=\"fc24bbd\" data-element_type=\"widget\" data-e-type=\"widget\" data-widget_type=\"homlane_ta_service_section_v3.default\">\n\t\t\t\t<div class=\"elementor-widget-container\">\n\t\t\t\t\t\t\n    <!-- single-service-three -->\n    <section class=\"single-service-three\">\n        <div class=\"container\">\n            <div class=\"row clearfix\">\n                <div class=\"col-lg-9 col-md-12 col-sm-12 content-side\">\n                    <div class=\"content-box\">\n                                                <div class=\"image-box\">\n                            <div class=\"row clearfix\">\n                                                                                                                            <\/div>\n                        <\/div>\n                        <div class=\"text\">\n                            <h2>Entspannt nach der Bauphase<\/h2>                        \t<p>Konzentrieren Sie sich auf Ihr Projekt oder Ihre n\u00e4chste Bauphase, w\u00e4hrend wir uns um die gr\u00fcndliche Reinigung Ihrer Baustelle k\u00fcmmern. Ayari Reinigung steht f\u00fcr Professionalit\u00e4t, Gr\u00fcndlichkeit und absolute Zuverl\u00e4ssigkeit. Wir bieten ma\u00dfgeschneiderte Reinigungsl\u00f6sungen, die exakt auf die Anforderungen Ihrer Baustelle abgestimmt sind.<\/p>                            \t\t\t\t\t\t\t<ul class=\"list clearfix\">\n\t\t\t\t\t\t\t\t\t\t\t\t\t\t   <li>H\u00f6chste Reinigungsqualit\u00e4t<\/li>\n\t\t\t\t\t\t\t\t\t\t\t\t\t\t   <li>Zeitersparnis<\/li>\n\t\t\t\t\t\t\t\t\t\t\t\t\t\t   <li>Geschultes Personal<\/li>\n\t\t\t\t\t\t\t\t\t\t\t\t\t\t   <li>Umweltschonende Mittel<\/li>\n\t\t\t\t\t\t\t\t\t\t\t\t\t\t   <li>Flexible Termine<\/li>\n\t\t\t\t\t\t\t\t\t\t\t\t\t\t   <li>Transparente Preise<\/li>\n\t\t\t\t\t\t\t\t\t\t\t\t\t\t   <li>Werterhalt Ihrer Immobilie<\/li>\n\t\t\t\t\t\t\t\t\t\t\t\t\t\t   <li>100% Zufriedenheitsgarantie<\/li>\n\t\t\t\t\t\t\t\t\t\t\t\t\t\t<\/ul>\n\t\t\t\t\t\t\t                        <\/div>\n                    <\/div>\n                <\/div>\n                <div class=\"col-lg-3 col-md-12 col-sm-12 sidebar-side\">\n                    <div class=\"sidebar-content\">\n                        <div class=\"inner-box\">\n                            <figure class=\"image-box\"><img decoding=\"async\" src=\"https:\/\/ayarireinigung.ch\/wp-content\/uploads\/2022\/05\/news-29-2.jpg\" alt=\"Awesome Image\"><\/figure>                            <div class=\"text\">\n                                <h3><span>Verf\u00fcgbar<\/span> f\u00fcr alle Arten von Reinigungsdiensten<\/h3>                        \t\t<h2>Wir sind f\u00fcr Sie da<\/h2>                                <a href=\"https:\/\/ayarireinigung.ch\/?page_id=2266\" class=\"theme-btn-two\"><span>Kontakt<\/span><\/a>                            <\/div>\n                        <\/div>\n                                            <\/div>\n                <\/div>\n            <\/div>\n        <\/div>\n    <\/section>\n    <!-- single-service-three end -->\n                \n        \t\t\t\t<\/div>\n\t\t\t\t<\/div>\n\t\t\t\t\t<\/div>\n\t\t<\/div>\n\t\t\t\t\t<\/div>\n\t\t<\/section>\n\t\t\t\t<\/div>\n\t\t","protected":false},"excerpt":{"rendered":"<p>Baureinigung Home Baureinigung Servicedetails Sauberer Baustellenabschluss f\u00fcr Ihre Projekte Mit unserer professionellen Baureinigung erf\u00fcllen wir die hohen Anforderungen von Bauherren, Architekten und Eigent\u00fcmern. Jedes Detail der Baustelle wird sorgf\u00e4ltig gereinigt, f\u00fcr einen sicheren und makellosen \u00dcbergang in die Nutzung. Wir sorgen daf\u00fcr, dass Ihr Geb\u00e4ude nach der Bauphase sofort bezugsfertig und einladend ist. Entfernung von [&hellip;]<\/p>\n","protected":false},"author":1,"featured_media":0,"parent":0,"menu_order":0,"comment_status":"closed","ping_status":"closed","template":"tpl-default-elementor.php","meta":{"footnotes":""},"class_list":["post-4290","page","type-page","status-publish","hentry"],"_hostinger_reach_plugin_has_subscription_block":false,"_hostinger_reach_plugin_is_elementor":false,"_links":{"self":[{"href":"https:\/\/ayarireinigung.ch\/index.php?rest_route=\/wp\/v2\/pages\/4290","targetHints":{"allow":["GET"]}}],"collection":[{"href":"https:\/\/ayarireinigung.ch\/index.php?rest_route=\/wp\/v2\/pages"}],"about":[{"href":"https:\/\/ayarireinigung.ch\/index.php?rest_route=\/wp\/v2\/types\/page"}],"author":[{"embeddable":true,"href":"https:\/\/ayarireinigung.ch\/index.php?rest_route=\/wp\/v2\/users\/1"}],"replies":[{"embeddable":true,"href":"https:\/\/ayarireinigung.ch\/index.php?rest_route=%2Fwp%2Fv2%2Fcomments&post=4290"}],"version-history":[{"count":13,"href":"https:\/\/ayarireinigung.ch\/index.php?rest_route=\/wp\/v2\/pages\/4290\/revisions"}],"predecessor-version":[{"id":4356,"href":"https:\/\/ayarireinigung.ch\/index.php?rest_route=\/wp\/v2\/pages\/4290\/revisions\/4356"}],"wp:attachment":[{"href":"https:\/\/ayarireinigung.ch\/index.php?rest_route=%2Fwp%2Fv2%2Fmedia&parent=4290"}],"curies":[{"name":"wp","href":"https:\/\/api.w.org\/{rel}","templated":true}]}}