{"id":4240,"date":"2026-01-24T12:51:31","date_gmt":"2026-01-24T12:51:31","guid":{"rendered":"https:\/\/ayarireinigung.ch\/?page_id=4240"},"modified":"2026-01-24T12:57:31","modified_gmt":"2026-01-24T12:57:31","slug":"fassaden-reinigung","status":"publish","type":"page","link":"https:\/\/ayarireinigung.ch\/?page_id=4240","title":{"rendered":"Fassadenreinigung"},"content":{"rendered":"\t\t<div data-elementor-type=\"wp-page\" data-elementor-id=\"4240\" class=\"elementor elementor-4240\">\n\t\t\t\t\t\t<section class=\"elementor-section elementor-top-section elementor-element elementor-element-f493766 elementor-section-full_width elementor-section-height-default elementor-section-height-default\" data-id=\"f493766\" data-element_type=\"section\" data-e-type=\"section\">\n\t\t\t\t\t\t<div class=\"elementor-container elementor-column-gap-default\">\n\t\t\t\t\t<div class=\"elementor-column elementor-col-100 elementor-top-column elementor-element elementor-element-4c97209\" data-id=\"4c97209\" data-element_type=\"column\" data-e-type=\"column\">\n\t\t\t<div class=\"elementor-widget-wrap elementor-element-populated\">\n\t\t\t\t\t\t<div class=\"elementor-element elementor-element-87b4e7e elementor-widget elementor-widget-homlane_ta_page_banner\" data-id=\"87b4e7e\" data-element_type=\"widget\" data-e-type=\"widget\" data-widget_type=\"homlane_ta_page_banner.default\">\n\t\t\t\t<div class=\"elementor-widget-container\">\n\t\t\t\t\t                <!-- Page Title -->\n        <section class=\"page-title style-two\" style=\"background-image: url(https:\/\/ayarireinigung.ch\/wp-content\/uploads\/2022\/05\/page-title-2-2.jpg);\">\n            <div class=\"auto-container\">\n                <div class=\"content-box\">\n                    <div class=\"title\">\n                        <h1>Fassaden-reinigung<\/h1>\n                    <\/div>\n                    <ul class=\"bread-crumb clearfix\">\n                        <li class=\"breadcrumb-item\"><a href=\"https:\/\/ayarireinigung.ch\/\">Home<\/a><\/li><li class=\"breadcrumb-item\"><a href=\"https:\/\/ayarireinigung.ch\/?page_id=4240\">Fassadenreinigung<\/a><\/li>                    <\/ul>\n                <\/div>\n            <\/div>\n        <\/section>\n        <!-- End Page Title -->\n                \t\t\t\t<\/div>\n\t\t\t\t<\/div>\n\t\t\t\t\t<\/div>\n\t\t<\/div>\n\t\t\t\t\t<\/div>\n\t\t<\/section>\n\t\t\t\t<section class=\"elementor-section elementor-top-section elementor-element elementor-element-79a3f00 elementor-section-full_width elementor-section-height-default elementor-section-height-default\" data-id=\"79a3f00\" data-element_type=\"section\" data-e-type=\"section\">\n\t\t\t\t\t\t<div class=\"elementor-container elementor-column-gap-default\">\n\t\t\t\t\t<div class=\"elementor-column elementor-col-100 elementor-top-column elementor-element elementor-element-26705a9\" data-id=\"26705a9\" data-element_type=\"column\" data-e-type=\"column\">\n\t\t\t<div class=\"elementor-widget-wrap elementor-element-populated\">\n\t\t\t\t\t\t<div class=\"elementor-element elementor-element-4d99282 elementor-widget elementor-widget-homlane_ta_service_details_v2\" data-id=\"4d99282\" data-element_type=\"widget\" data-e-type=\"widget\" data-widget_type=\"homlane_ta_service_details_v2.default\">\n\t\t\t\t<div class=\"elementor-widget-container\">\n\t\t\t\t\t    \n    <!-- single-service-four -->\n    <section class=\"single-service-four\">\n        <div class=\"container\">\n            <div class=\"row clearfix\">\n                <div class=\"col-lg-12 col-md-12 col-sm-12 content-side\">\n                    <div class=\"service-details-content\">\n                        <div class=\"content-one\">\n                            <figure class=\"image-box\"><img decoding=\"async\" src=\"https:\/\/ayarireinigung.ch\/wp-content\/uploads\/2026\/01\/workers-washing-windows-office-building-scaled.jpg\" alt=\"Awesome Image\"><\/figure>                                                        <div class=\"text\">\n                                <h2>Professionelle Fassadenreinigung f\u00fcr strahlende Geb\u00e4ude<\/h2>\n                                Eine saubere Fassade ist nicht nur \u00e4sthetisch ansprechend, sondern sch\u00fctzt auch die Bausubstanz vor Witterungseinfl\u00fcssen und Schmutzablagerungen. Unser erfahrenes Team sorgt daf\u00fcr, dass Ihre Geb\u00e4ude au\u00dfen makellos und gepflegt bleiben. Wir verwenden umweltfreundliche Reinigungsmethoden und modernste Ger\u00e4te f\u00fcr optimale Ergebnisse.                            <\/div>\n                                                    <\/div>\n                        <div class=\"content-two\">\n                            <div class=\"row clearfix\">\n                                                                <div class=\"col-lg-6 col-md-6 col-sm-12 image-column\">\n                                    <figure class=\"image-box\"><img decoding=\"async\" src=\"https:\/\/ayarireinigung.ch\/wp-content\/uploads\/2026\/01\/two-workers-washing-windows-outside-building-scaled.jpg\" alt=\"Awesome Image\"><\/figure>\n                                <\/div>\n                                                                <div class=\"col-lg-6 col-md-6 col-sm-12 text-column\">\n                                    <div class=\"text\">\n                                        <h3>Vorteile unserer Dienstleistungen<\/h3>\n                                        <p>Mit unserer Fassadenreinigung profitieren Sie von Qualit\u00e4t, Effizienz und Nachhaltigkeit. Hier sind die Vorteile, wenn Sie uns w\u00e4hlen:<\/p>\n                                        \t\t\t\t\t\t\t\t\t\t<ul class=\"list clearfix\">\n\t\t\t\t\t\t\t\t\t\t\t\t\t\t\t\t\t\t\t\t   <li>Professionelles und erfahrenes Team<\/li>\n\t\t\t\t\t\t\t\t\t\t\t\t\t\t\t\t\t\t\t\t   <li>Schonende Reinigung ohne Besch\u00e4digungen<\/li>\n\t\t\t\t\t\t\t\t\t\t\t\t\t\t\t\t\t\t\t\t   <li>Schnelle und effiziente Arbeitsweise<\/li>\n\t\t\t\t\t\t\t\t\t\t\t\t\t\t\t\t\t\t\t\t   <li>Nachhaltige und umweltfreundliche Methoden<\/li>\n\t\t\t\t\t\t\t\t\t\t\t\t\t\t\t\t\t\t\t\t   <li>Zufriedenheitsgarantie f\u00fcr jeden Auftrag<\/li>\n\t\t\t\t\t\t\t\t\t\t\t\t\t\t\t\t\t\t\t\t<\/ul>\n\t\t\t\t\t\t\t\t\t\t                                    <\/div>\n                                <\/div>\n                            <\/div>\n                        <\/div>\n                        <div class=\"content-three\">\n                                                        <div class=\"text\">\n                                <h3>So funktioniert es<\/h3>\n                                <p>Unsere Fassadenreinigungsdienste konzentrieren sich auf die wichtigsten Bed\u00fcrfnisse unserer Kunden: saubere und gepflegte Geb\u00e4ude, Schutz der Bausubstanz, effiziente Arbeitsabl\u00e4ufe, flexible Termine, umweltfreundliche Methoden und professionelle Betreuung. Wir sorgen daf\u00fcr, dass Ihre Fassade jederzeit makellos und einladend bleibt.<\/p>\n                            <\/div>\n                                                        <div class=\"inner-box\">\n                                <div class=\"row clearfix\">\n                                                                        <div class=\"col-lg-6 col-md-6 col-sm-12 single-column\">\n                                        <div class=\"single-item\">\n                                            <div class=\"icon-box\"><i class=\"icon flaticon-call\"><\/i><\/div>\n                                            <h4>Kontakt<\/h4>\n                                            <p>Haben Sie Fragen oder m\u00f6chten Sie ein Angebot? Schreiben Sie uns oder rufen Sie uns an \u2013 wir helfen Ihnen schnell weiter.<\/p>\n                                        <\/div>\n                                    <\/div>\n                                                                        <div class=\"col-lg-6 col-md-6 col-sm-12 single-column\">\n                                        <div class=\"single-item\">\n                                            <div class=\"icon-box\"><i class=\"icon flaticon-conversation\"><\/i><\/div>\n                                            <h4>Termin<\/h4>\n                                            <p>Buchen Sie Ihren Reinigungstermin online oder telefonisch \u2013 unkompliziert, flexibel und professionell.<\/p>\n                                        <\/div>\n                                    <\/div>\n                                                                        <div class=\"col-lg-6 col-md-6 col-sm-12 single-column\">\n                                        <div class=\"single-item\">\n                                            <div class=\"icon-box\"><i class=\"icon flaticon-satisfaction\"><\/i><\/div>\n                                            <h4>Angebot anfordern<\/h4>\n                                            <p>Fordern Sie jetzt ein unverbindliches Reinigungsangebot an \u2013 schnell, einfach und kostenlos.<\/p>\n                                        <\/div>\n                                    <\/div>\n                                                                        <div class=\"col-lg-6 col-md-6 col-sm-12 single-column\">\n                                        <div class=\"single-item\">\n                                            <div class=\"icon-box\"><i class=\"icon flaticon-house-2\"><\/i><\/div>\n                                            <h4>Fertigstellung<\/h4>\n                                            <p>Wir sorgen daf\u00fcr, dass jeder Auftrag sauber und professionell abgeschlossen wird \u2013 f\u00fcr ein perfektes Ergebnis.<\/p>\n                                        <\/div>\n                                    <\/div>\n                                                                    <\/div>\n                            <\/div>\n                        <\/div>\n                        <div class=\"content-four\">\n                                                        <div class=\"text\">\n                                <h3>Warum uns w\u00e4hlen<\/h3>\n                            <\/div>\n                                                        <div class=\"accordion-box\">\n                                                                <div class=\"accordion accordion-block\">\n                                    <div class=\"accord-btn\"><h4>Was macht uns besonders?<\/h4><\/div>\n                                    <div class=\"accord-content\">\n                                        <p>Wir bieten professionelle, zuverl\u00e4ssige und flexible Reinigungsdienste f\u00fcr Wohnungen, B\u00fcros und Spezialreinigungen.<\/p>\n                                    <\/div>\n                                <\/div>\n                                                                <div class=\"accordion accordion-block\">\n                                    <div class=\"accord-btn\"><h4>Sind Ihre Reinigungsmittel umweltfreundlich?<\/h4><\/div>\n                                    <div class=\"accord-content\">\n                                        <p>Ja, wir verwenden nur nachhaltige und sichere Produkte, die f\u00fcr Mensch und Umwelt unbedenklich sind.<\/p>\n                                    <\/div>\n                                <\/div>\n                                                                <div class=\"accordion accordion-block\">\n                                    <div class=\"accord-btn\"><h4>Wie schnell kann ich einen Termin bekommen?<\/h4><\/div>\n                                    <div class=\"accord-content\">\n                                        <p>Unsere Teams sind flexibel und kurzfristig verf\u00fcgbar, auch ausserhalb der \u00fcblichen B\u00fcrozeiten.<\/p>\n                                    <\/div>\n                                <\/div>\n                                                                <div class=\"accordion accordion-block\">\n                                    <div class=\"accord-btn\"><h4>K\u00f6nnen Sie individuelle Anforderungen erf\u00fcllen?<\/h4><\/div>\n                                    <div class=\"accord-content\">\n                                        <p>Nat\u00fcrlich! Wir bieten massgeschneiderte Reinigungsl\u00f6sungen, angepasst an Ihre Bed\u00fcrfnisse.<\/p>\n                                    <\/div>\n                                <\/div>\n                                                                <div class=\"accordion accordion-block\">\n                                    <div class=\"accord-btn\"><h4>Garantieren Sie die Qualit\u00e4t Ihrer Arbeit?<\/h4><\/div>\n                                    <div class=\"accord-content\">\n                                        <p>Ja, jeder Auftrag wird gr\u00fcndlich und professionell erledigt, damit Sie vollst\u00e4ndig zufrieden sind.<\/p>\n                                    <\/div>\n                                <\/div>\n                                                            <\/div>\n                        <\/div>\n                    <\/div>\n                <\/div>\n                            <\/div>\n        <\/div>\n    <\/section>\n    <!-- single-service-four end -->\n        \n        \t\t\t\t<\/div>\n\t\t\t\t<\/div>\n\t\t\t\t\t<\/div>\n\t\t<\/div>\n\t\t\t\t\t<\/div>\n\t\t<\/section>\n\t\t\t\t<\/div>\n\t\t","protected":false},"excerpt":{"rendered":"<p>Fassaden-reinigung Home Fassadenreinigung Professionelle Fassadenreinigung f\u00fcr strahlende Geb\u00e4ude Eine saubere Fassade ist nicht nur \u00e4sthetisch ansprechend, sondern sch\u00fctzt auch die Bausubstanz vor Witterungseinfl\u00fcssen und Schmutzablagerungen. Unser erfahrenes Team sorgt daf\u00fcr, dass Ihre Geb\u00e4ude au\u00dfen makellos und gepflegt bleiben. Wir verwenden umweltfreundliche Reinigungsmethoden und modernste Ger\u00e4te f\u00fcr optimale Ergebnisse. Vorteile unserer Dienstleistungen Mit unserer Fassadenreinigung profitieren [&hellip;]<\/p>\n","protected":false},"author":1,"featured_media":0,"parent":0,"menu_order":0,"comment_status":"closed","ping_status":"closed","template":"tpl-default-elementor.php","meta":{"footnotes":""},"class_list":["post-4240","page","type-page","status-publish","hentry"],"_hostinger_reach_plugin_has_subscription_block":false,"_hostinger_reach_plugin_is_elementor":false,"_links":{"self":[{"href":"https:\/\/ayarireinigung.ch\/index.php?rest_route=\/wp\/v2\/pages\/4240","targetHints":{"allow":["GET"]}}],"collection":[{"href":"https:\/\/ayarireinigung.ch\/index.php?rest_route=\/wp\/v2\/pages"}],"about":[{"href":"https:\/\/ayarireinigung.ch\/index.php?rest_route=\/wp\/v2\/types\/page"}],"author":[{"embeddable":true,"href":"https:\/\/ayarireinigung.ch\/index.php?rest_route=\/wp\/v2\/users\/1"}],"replies":[{"embeddable":true,"href":"https:\/\/ayarireinigung.ch\/index.php?rest_route=%2Fwp%2Fv2%2Fcomments&post=4240"}],"version-history":[{"count":19,"href":"https:\/\/ayarireinigung.ch\/index.php?rest_route=\/wp\/v2\/pages\/4240\/revisions"}],"predecessor-version":[{"id":4261,"href":"https:\/\/ayarireinigung.ch\/index.php?rest_route=\/wp\/v2\/pages\/4240\/revisions\/4261"}],"wp:attachment":[{"href":"https:\/\/ayarireinigung.ch\/index.php?rest_route=%2Fwp%2Fv2%2Fmedia&parent=4240"}],"curies":[{"name":"wp","href":"https:\/\/api.w.org\/{rel}","templated":true}]}}