{"id":3758,"date":"2026-01-18T16:41:27","date_gmt":"2026-01-18T16:41:27","guid":{"rendered":"https:\/\/ayarireinigung.ch\/?page_id=3758"},"modified":"2026-01-19T17:41:44","modified_gmt":"2026-01-19T17:41:44","slug":"wohnungs-hausreinigung","status":"publish","type":"page","link":"https:\/\/ayarireinigung.ch\/?page_id=3758","title":{"rendered":"Umzugs- &amp; Endreinigung"},"content":{"rendered":"\t\t<div data-elementor-type=\"wp-page\" data-elementor-id=\"3758\" class=\"elementor elementor-3758\">\n\t\t\t\t\t\t<section class=\"elementor-section elementor-top-section elementor-element elementor-element-d160718 elementor-section-full_width elementor-section-height-default elementor-section-height-default\" data-id=\"d160718\" data-element_type=\"section\" data-e-type=\"section\">\n\t\t\t\t\t\t<div class=\"elementor-container elementor-column-gap-default\">\n\t\t\t\t\t<div class=\"elementor-column elementor-col-100 elementor-top-column elementor-element elementor-element-d51066c\" data-id=\"d51066c\" data-element_type=\"column\" data-e-type=\"column\">\n\t\t\t<div class=\"elementor-widget-wrap elementor-element-populated\">\n\t\t\t\t\t\t<div class=\"elementor-element elementor-element-d8c313f elementor-widget elementor-widget-homlane_ta_page_banner\" data-id=\"d8c313f\" data-element_type=\"widget\" data-e-type=\"widget\" data-widget_type=\"homlane_ta_page_banner.default\">\n\t\t\t\t<div class=\"elementor-widget-container\">\n\t\t\t\t\t                <!-- Page Title -->\n        <section class=\"page-title\" style=\"background-image: url(https:\/\/ayarireinigung.ch\/wp-content\/uploads\/2022\/04\/testimonial-bg-2-2.jpg);\">\n            <div class=\"pattern-layer\" style=\"background-image: url(https:\/\/ayarireinigung.ch\/wp-content\/uploads\/2022\/05\/shape-43-2.png);\"><\/div>\n            <div class=\"auto-container\">\n                <div class=\"content-box\">\n                    <div class=\"title\">\n                        <h1>Umzugs- &amp; Endreinigung<\/h1>\n                    <\/div>\n                    <ul class=\"bread-crumb clearfix\">\n                        <li class=\"breadcrumb-item\"><a href=\"https:\/\/ayarireinigung.ch\/\">Home<\/a><\/li><li class=\"breadcrumb-item\"><a href=\"https:\/\/ayarireinigung.ch\/?page_id=3758\">Umzugs- &amp; Endreinigung<\/a><\/li>                    <\/ul>\n                <\/div>\n            <\/div>\n        <\/section>\n        <!-- End Page Title -->\n\t\t        \t\t\t\t<\/div>\n\t\t\t\t<\/div>\n\t\t\t\t\t<\/div>\n\t\t<\/div>\n\t\t\t\t\t<\/div>\n\t\t<\/section>\n\t\t\t\t<section class=\"elementor-section elementor-top-section elementor-element elementor-element-6b83bb1 elementor-section-full_width elementor-section-height-default elementor-section-height-default\" data-id=\"6b83bb1\" data-element_type=\"section\" data-e-type=\"section\">\n\t\t\t\t\t\t<div class=\"elementor-container elementor-column-gap-default\">\n\t\t\t\t\t<div class=\"elementor-column elementor-col-100 elementor-top-column elementor-element elementor-element-01af5be\" data-id=\"01af5be\" data-element_type=\"column\" data-e-type=\"column\">\n\t\t\t<div class=\"elementor-widget-wrap elementor-element-populated\">\n\t\t\t\t\t\t<div class=\"elementor-element elementor-element-fbe38b2 elementor-widget elementor-widget-homlane_ta_service_section_v1\" data-id=\"fbe38b2\" data-element_type=\"widget\" data-e-type=\"widget\" data-widget_type=\"homlane_ta_service_section_v1.default\">\n\t\t\t\t<div class=\"elementor-widget-container\">\n\t\t\t\t\t\t\n    <!-- single-service-one -->\n    <section class=\"single-service-one\">\n        <div class=\"container\">\n            <div class=\"row clearfix\">\n                <div class=\"col-lg-6 col-md-12 col-sm-12 image-column\">\n                    <div class=\"image-box\">\n                        <figure class=\"image\"><img decoding=\"async\" src=\"https:\/\/ayarireinigung.ch\/wp-content\/uploads\/2022\/04\/freequote-1-2.png\" alt=\"Awesome Image\"><\/figure>                                            <\/div>\n                <\/div>\n                <div class=\"col-lg-6 col-md-12 col-sm-12 content-column\">\n                    <div class=\"content-box\">\n                                                <div class=\"sec-title-two\">\n                            <span class=\"sub-title\">Servicedetails<\/span>                            <h2>Gr\u00fcndliche Reinigung f\u00fcr einen sorgenfreien Umzug<\/h2>                        <\/div>\n                                                <div class=\"text\">\n                            <p>Unsere Umzugs- und Endreinigung sorgt daf\u00fcr, dass Ihre Wohnung oder Ihr Haus bei der \u00dcbergabe sauber, gepflegt und bereit zur Abnahme ist. Wir reinigen alle R\u00e4ume gr\u00fcndlich, damit Sie sich ganz auf Ihren Umzug konzentrieren k\u00f6nnen.Leistungen im Detail:<\/p>\n                            \t\t\t\t\t\t\t<ul class=\"list clearfix\">\n\t\t\t\t\t\t\t\t\t\t\t\t\t\t   <li>Gr\u00fcndliche Reinigung aller R\u00e4ume<\/li>\n\t\t\t\t\t\t\t\t\t\t\t\t\t\t   <li><\/li>\n\t\t\t\t\t\t\t\t\t\t\t\t\t\t   <li>Reinigung von K\u00fcche (Ger\u00e4te, Schr\u00e4nke, Arbeitsfl\u00e4chen)<\/li>\n\t\t\t\t\t\t\t\t\t\t\t\t\t\t   <li><\/li>\n\t\t\t\t\t\t\t\t\t\t\t\t\t\t   <li>Bad- &amp; WC-Reinigung inkl. Entkalkung<\/li>\n\t\t\t\t\t\t\t\t\t\t\t\t\t\t   <li><\/li>\n\t\t\t\t\t\t\t\t\t\t\t\t\t\t   <li>Fenster, Rahmen und Fensterb\u00e4nke reinigen<\/li>\n\t\t\t\t\t\t\t\t\t\t\t\t\t\t   <li><\/li>\n\t\t\t\t\t\t\t\t\t\t\t\t\t\t   <li>B\u00f6den saugen und nass aufnehmen<\/li>\n\t\t\t\t\t\t\t\t\t\t\t\t\t\t   <li><\/li>\n\t\t\t\t\t\t\t\t\t\t\t\t\t\t   <li>Abnahmegarantie auf Wunsch<\/li>\n\t\t\t\t\t\t\t\t\t\t\t\t\t\t   <li><\/li>\n\t\t\t\t\t\t\t\t\t\t\t\t\t\t   <li>Flexible Termine, auch kurzfristig<\/li>\n\t\t\t\t\t\t\t\t\t\t\t\t\t\t<\/ul>\n\t\t\t\t\t\t\t                            <p>Mit unserer professionellen Endreinigung erf\u00fcllen wir die hohen Anforderungen von Verwaltungen und Vermietern. Jedes Detail wird sorgf\u00e4ltig gereinigt, f\u00fcr eine reibungslose Wohnungs\u00fcbergabe.<\/p>\n                        <\/div>\n                    <\/div>\n                <\/div>\n            <\/div>\n        <\/div>\n    <\/section>\n    <!-- single-service-one end -->\n                \n        \t\t\t\t<\/div>\n\t\t\t\t<\/div>\n\t\t\t\t\t<\/div>\n\t\t<\/div>\n\t\t\t\t\t<\/div>\n\t\t<\/section>\n\t\t\t\t<section class=\"elementor-section elementor-top-section elementor-element elementor-element-8aadcac elementor-section-full_width elementor-section-height-default elementor-section-height-default\" data-id=\"8aadcac\" data-element_type=\"section\" data-e-type=\"section\">\n\t\t\t\t\t\t<div class=\"elementor-container elementor-column-gap-default\">\n\t\t\t\t\t<div class=\"elementor-column elementor-col-100 elementor-top-column elementor-element elementor-element-4c3c905\" data-id=\"4c3c905\" data-element_type=\"column\" data-e-type=\"column\">\n\t\t\t<div class=\"elementor-widget-wrap elementor-element-populated\">\n\t\t\t\t\t\t<div class=\"elementor-element elementor-element-916e34a elementor-widget elementor-widget-homlane_ta_why_choose_us_v10\" data-id=\"916e34a\" data-element_type=\"widget\" data-e-type=\"widget\" data-widget_type=\"homlane_ta_why_choose_us_v10.default\">\n\t\t\t\t<div class=\"elementor-widget-container\">\n\t\t\t\t\t    \n    <!-- chooseus-style-nine -->\n    <section class=\"chooseus-style-nine\">\n        <div class=\"bg-layer\" style=\"background-image: url(https:\/\/ayarireinigung.ch\/wp-content\/uploads\/2022\/04\/chooseus-bg-4-2.jpg);\"><\/div>        <span class=\"big-text\">Umzug<\/span>        <div class=\"container\">\n            <div class=\"row clearfix\">\n                <div class=\"col-lg-8 col-md-12 col-sm-12 content-column\">\n                    <div class=\"content_block_seven\">\n                        <div class=\"content-box\">\n                                                        <div class=\"sec-title-two\">\n                                <span class=\"sub-title\">Warum sollten Sie uns beauftragen?<\/span>\t\t\t\t\t\t\t\t<h2>Qualit\u00e4t, auf die Sie sich verlassen k\u00f6nnen<\/h2>                            <\/div>\n                                                        <div class=\"inner-box\">\n                                <div class=\"row clearfix\">\n                                                                        <div class=\"col-lg-6 col-md-6 col-sm-12 single-column\">\n                                        <div class=\"single-item\">\n                                            <div class=\"inner\">\n                                                <div class=\"icon-box\"><i class=\"icon flaticon-home\"><\/i><\/div>\n                                                <h4>Geschultes und erfahrenes Fachpersonal<\/h4>\n                                            <\/div>\n                                            <div class=\"text\">\n                                                <p>Unser Team besteht aus qualifizierten Fachkr\u00e4ften mit Erfahrung in verschiedenen Reinigungsbereichen und hoher Sorgfalt bei jeder Aufgabe<\/p>\n                                            <\/div>\n                                        <\/div>\n                                    <\/div>\n                                                                        <div class=\"col-lg-6 col-md-6 col-sm-12 single-column\">\n                                        <div class=\"single-item\">\n                                            <div class=\"inner\">\n                                                <div class=\"icon-box\"><i class=\"icon flaticon-roof\"><\/i><\/div>\n                                                <h4>Flexible Termine nach Ihren Bed\u00fcrfnissen<\/h4>\n                                            <\/div>\n                                            <div class=\"text\">\n                                                <p>Wir passen uns Ihrem Zeitplan an und bieten flexible Termine, auch fr\u00fch morgens, abends oder am Wochenende.<\/p>\n                                            <\/div>\n                                        <\/div>\n                                    <\/div>\n                                                                        <div class=\"col-lg-6 col-md-6 col-sm-12 single-column\">\n                                        <div class=\"single-item\">\n                                            <div class=\"inner\">\n                                                <div class=\"icon-box\"><i class=\"icon flaticon-maps-and-location\"><\/i><\/div>\n                                                <h4>Umweltfreundliche und sichere Reinigungsmittel<\/h4>\n                                            <\/div>\n                                            <div class=\"text\">\n                                                <p>Wir verwenden nachhaltige, chemiefreie Produkte, die effektiv reinigen und gleichzeitig Mensch, Tier und Umwelt sch\u00fctzen.<\/p>\n                                            <\/div>\n                                        <\/div>\n                                    <\/div>\n                                                                        <div class=\"col-lg-6 col-md-6 col-sm-12 single-column\">\n                                        <div class=\"single-item\">\n                                            <div class=\"inner\">\n                                                <div class=\"icon-box\"><i class=\"icon flaticon-worker\"><\/i><\/div>\n                                                <h4>Faire Preise &amp; transparente Angebote<\/h4>\n                                            <\/div>\n                                            <div class=\"text\">\n                                                <p>Bei uns wissen Sie von Anfang an, was Sie erwartet \u2013 klare Offerten ohne versteckte Kosten.<\/p>\n                                            <\/div>\n                                        <\/div>\n                                    <\/div>\n                                                                    <\/div>\n                            <\/div>\n                        <\/div>\n                    <\/div>\n                <\/div>\n            <\/div>\n        <\/div>\n    <\/section>\n    <!-- chooseus-style-nine end -->\n\n        \t\t\t\t<\/div>\n\t\t\t\t<\/div>\n\t\t\t\t\t<\/div>\n\t\t<\/div>\n\t\t\t\t\t<\/div>\n\t\t<\/section>\n\t\t\t\t<\/div>\n\t\t","protected":false},"excerpt":{"rendered":"<p>Umzugs- &amp; Endreinigung Home Wohnungs\u2011 &amp; Hausreinigung Servicedetails Gr\u00fcndliche Reinigung f\u00fcr einen sorgenfreien Umzug Unsere Umzugs- und Endreinigung sorgt daf\u00fcr, dass Ihre Wohnung oder Ihr Haus bei der \u00dcbergabe sauber, gepflegt und bereit zur Abnahme ist. Wir reinigen alle R\u00e4ume gr\u00fcndlich, damit Sie sich ganz auf Ihren Umzug konzentrieren k\u00f6nnen.Leistungen im Detail: Gr\u00fcndliche Reinigung aller [&hellip;]<\/p>\n","protected":false},"author":1,"featured_media":0,"parent":0,"menu_order":0,"comment_status":"closed","ping_status":"closed","template":"tpl-default-elementor.php","meta":{"footnotes":""},"class_list":["post-3758","page","type-page","status-publish","hentry"],"_hostinger_reach_plugin_has_subscription_block":false,"_hostinger_reach_plugin_is_elementor":false,"_links":{"self":[{"href":"https:\/\/ayarireinigung.ch\/index.php?rest_route=\/wp\/v2\/pages\/3758","targetHints":{"allow":["GET"]}}],"collection":[{"href":"https:\/\/ayarireinigung.ch\/index.php?rest_route=\/wp\/v2\/pages"}],"about":[{"href":"https:\/\/ayarireinigung.ch\/index.php?rest_route=\/wp\/v2\/types\/page"}],"author":[{"embeddable":true,"href":"https:\/\/ayarireinigung.ch\/index.php?rest_route=\/wp\/v2\/users\/1"}],"replies":[{"embeddable":true,"href":"https:\/\/ayarireinigung.ch\/index.php?rest_route=%2Fwp%2Fv2%2Fcomments&post=3758"}],"version-history":[{"count":19,"href":"https:\/\/ayarireinigung.ch\/index.php?rest_route=\/wp\/v2\/pages\/3758\/revisions"}],"predecessor-version":[{"id":3779,"href":"https:\/\/ayarireinigung.ch\/index.php?rest_route=\/wp\/v2\/pages\/3758\/revisions\/3779"}],"wp:attachment":[{"href":"https:\/\/ayarireinigung.ch\/index.php?rest_route=%2Fwp%2Fv2%2Fmedia&parent=3758"}],"curies":[{"name":"wp","href":"https:\/\/api.w.org\/{rel}","templated":true}]}}