{"id":2339,"date":"2022-04-22T11:24:17","date_gmt":"2022-04-22T11:24:17","guid":{"rendered":"http:\/\/fastwpdemo.com\/newwp\/homlane\/?page_id=2339"},"modified":"2026-01-24T13:55:04","modified_gmt":"2026-01-24T13:55:04","slug":"single-service-style-01","status":"publish","type":"page","link":"https:\/\/ayarireinigung.ch\/?page_id=2339","title":{"rendered":"Wohnungs\u2011 &amp; Hausreinigung"},"content":{"rendered":"\t\t<div data-elementor-type=\"wp-page\" data-elementor-id=\"2339\" class=\"elementor elementor-2339\">\n\t\t\t\t\t\t<section class=\"elementor-section elementor-top-section elementor-element elementor-element-d160718 elementor-section-full_width elementor-section-height-default elementor-section-height-default\" data-id=\"d160718\" data-element_type=\"section\" data-e-type=\"section\">\n\t\t\t\t\t\t<div class=\"elementor-container elementor-column-gap-default\">\n\t\t\t\t\t<div class=\"elementor-column elementor-col-100 elementor-top-column elementor-element elementor-element-d51066c\" data-id=\"d51066c\" data-element_type=\"column\" data-e-type=\"column\">\n\t\t\t<div class=\"elementor-widget-wrap elementor-element-populated\">\n\t\t\t\t\t\t<div class=\"elementor-element elementor-element-d8c313f elementor-widget elementor-widget-homlane_ta_page_banner\" data-id=\"d8c313f\" data-element_type=\"widget\" data-e-type=\"widget\" data-widget_type=\"homlane_ta_page_banner.default\">\n\t\t\t\t<div class=\"elementor-widget-container\">\n\t\t\t\t\t                <!-- Page Title -->\n        <section class=\"page-title\" style=\"background-image: url(https:\/\/ayarireinigung.ch\/wp-content\/uploads\/2022\/05\/gallery-57-2.jpg);\">\n            <div class=\"pattern-layer\" style=\"background-image: url(https:\/\/ayarireinigung.ch\/wp-content\/uploads\/2022\/05\/shape-43-2.png);\"><\/div>\n            <div class=\"auto-container\">\n                <div class=\"content-box\">\n                    <div class=\"title\">\n                        <h1>Wohnungs\u2011 &amp; Hausreinigung<\/h1>\n                    <\/div>\n                    <ul class=\"bread-crumb clearfix\">\n                        <li class=\"breadcrumb-item\"><a href=\"https:\/\/ayarireinigung.ch\/\">Home<\/a><\/li><li class=\"breadcrumb-item\"><a href=\"https:\/\/ayarireinigung.ch\/?page_id=2339\">Wohnungs\u2011 &amp; Hausreinigung<\/a><\/li>                    <\/ul>\n                <\/div>\n            <\/div>\n        <\/section>\n        <!-- End Page Title -->\n\t\t        \t\t\t\t<\/div>\n\t\t\t\t<\/div>\n\t\t\t\t\t<\/div>\n\t\t<\/div>\n\t\t\t\t\t<\/div>\n\t\t<\/section>\n\t\t\t\t<section class=\"elementor-section elementor-top-section elementor-element elementor-element-6b83bb1 elementor-section-full_width elementor-section-height-default elementor-section-height-default\" data-id=\"6b83bb1\" data-element_type=\"section\" data-e-type=\"section\">\n\t\t\t\t\t\t<div class=\"elementor-container elementor-column-gap-default\">\n\t\t\t\t\t<div class=\"elementor-column elementor-col-100 elementor-top-column elementor-element elementor-element-01af5be\" data-id=\"01af5be\" data-element_type=\"column\" data-e-type=\"column\">\n\t\t\t<div class=\"elementor-widget-wrap elementor-element-populated\">\n\t\t\t\t\t\t<div class=\"elementor-element elementor-element-fbe38b2 elementor-widget elementor-widget-homlane_ta_service_section_v1\" data-id=\"fbe38b2\" data-element_type=\"widget\" data-e-type=\"widget\" data-widget_type=\"homlane_ta_service_section_v1.default\">\n\t\t\t\t<div class=\"elementor-widget-container\">\n\t\t\t\t\t\t\n    <!-- single-service-one -->\n    <section class=\"single-service-one\">\n        <div class=\"container\">\n            <div class=\"row clearfix\">\n                <div class=\"col-lg-6 col-md-12 col-sm-12 image-column\">\n                    <div class=\"image-box\">\n                        <figure class=\"image\"><img decoding=\"async\" src=\"https:\/\/ayarireinigung.ch\/wp-content\/uploads\/2022\/05\/gallery-53-2.jpg\" alt=\"Awesome Image\"><\/figure>                                            <\/div>\n                <\/div>\n                <div class=\"col-lg-6 col-md-12 col-sm-12 content-column\">\n                    <div class=\"content-box\">\n                                                <div class=\"sec-title-two\">\n                            <span class=\"sub-title\">Servicedetails<\/span>                            <h2>Wohnungs\u2011 &amp; Hausreinigung<\/h2>                        <\/div>\n                                                <div class=\"text\">\n                            <p>Unsere Wohnungs- und Hausreinigung sorgt daf\u00fcr, dass Ihr Zuhause sauber, frisch und gem\u00fctlich bleibt. Wir bieten sowohl regelm\u00e4ssige Reinigungen als auch einmalige Grundreinigungen an.\nLeistungen im Detail:<\/p>\n                            \t\t\t\t\t\t\t<ul class=\"list clearfix\">\n\t\t\t\t\t\t\t\t\t\t\t\t\t\t   <li>Staubwischen und Oberfl\u00e4chenreinigung<\/li>\n\t\t\t\t\t\t\t\t\t\t\t\t\t\t   <li><\/li>\n\t\t\t\t\t\t\t\t\t\t\t\t\t\t   <li>Bodenpflege (Staubsaugen, Wischen, Teppichreinigung)<\/li>\n\t\t\t\t\t\t\t\t\t\t\t\t\t\t   <li>Badezimmer und K\u00fcche gr\u00fcndlich reinigen<\/li>\n\t\t\t\t\t\t\t\t\t\t\t\t\t\t   <li>M\u00fcllentsorgung und Recycling<\/li>\n\t\t\t\t\t\t\t\t\t\t\t\t\t\t   <li>Optional: K\u00fchlschrank, Backofen oder Fensterreinigung<\/li>\n\t\t\t\t\t\t\t\t\t\t\t\t\t\t<\/ul>\n\t\t\t\t\t\t\t                            <p>Vertrauen Sie auf unsere erfahrenen Reinigungsexperten \u2013 wir k\u00fcmmern uns um jedes Detail, damit Sie sich rundum wohlf\u00fchlen k\u00f6nnen.<\/p>\n                        <\/div>\n                    <\/div>\n                <\/div>\n            <\/div>\n        <\/div>\n    <\/section>\n    <!-- single-service-one end -->\n                \n        \t\t\t\t<\/div>\n\t\t\t\t<\/div>\n\t\t\t\t\t<\/div>\n\t\t<\/div>\n\t\t\t\t\t<\/div>\n\t\t<\/section>\n\t\t\t\t<section class=\"elementor-section elementor-top-section elementor-element elementor-element-32fda6f elementor-section-full_width elementor-section-height-default elementor-section-height-default\" data-id=\"32fda6f\" data-element_type=\"section\" data-e-type=\"section\">\n\t\t\t\t\t\t<div class=\"elementor-container elementor-column-gap-default\">\n\t\t\t\t\t<div class=\"elementor-column elementor-col-100 elementor-top-column elementor-element elementor-element-8649dc3\" data-id=\"8649dc3\" data-element_type=\"column\" data-e-type=\"column\">\n\t\t\t<div class=\"elementor-widget-wrap elementor-element-populated\">\n\t\t\t\t\t\t<div class=\"elementor-element elementor-element-ad5d463 elementor-widget elementor-widget-homlane_ta_service_section_v2\" data-id=\"ad5d463\" data-element_type=\"widget\" data-e-type=\"widget\" data-widget_type=\"homlane_ta_service_section_v2.default\">\n\t\t\t\t<div class=\"elementor-widget-container\">\n\t\t\t\t\t\t\n    <!-- single-service-two -->\n    <section class=\"single-service-two\">\n        <div class=\"container\">\n            <div class=\"row clearfix\">\n                <div class=\"col-lg-6 col-md-12 col-sm-12 left-column\">\n                    <div class=\"left-content\">\n                        <div class=\"text\">\n                            <h2>H\u00f6chste Standards f\u00fcr Ihr Zuhause<\/h2>                            <p>Bei Ayari Reinigung verwandeln wir Ihre Wohnr\u00e4ume in eine wahre Wohlf\u00fchloase. Ob regelm\u00e4ssige Unterhaltsreinigung oder ein gr\u00fcndlicher Fr\u00fchjahrsputz \u2013 wir arbeiten mit h\u00f6chster Pr\u00e4zision und Diskretion. Unser erfahrenes Team setzt professionelle Reinigungstechniken ein, um in jedem Zimmer Ihres Hauses eine tadellose Hygiene zu garantieren, vom Boden bis zur Decke.<\/p>                        <\/div>\n                        <figure class=\"image-box\"><img decoding=\"async\" src=\"https:\/\/ayarireinigung.ch\/wp-content\/uploads\/2022\/05\/news-27-2.jpg\" alt=\"Awesome Image\"><\/figure>                    <\/div>\n                <\/div>\n                <div class=\"col-lg-6 col-md-12 col-sm-12 right-column\">\n                    <div class=\"right-content\">\n                        <h3>Qualit\u00e4t, der Sie vertrauen k\u00f6nnen<\/h3>\n                        <p>Qualit\u00e4t ist f\u00fcr uns keine Option, sondern unser Versprechen. F\u00fcr Ihre Wohnung oder Ihr Haus erstellen wir gemeinsam einen individuellen Reinigungsplan, der genau auf Ihre Bed\u00fcrfnisse und Ihren Zeitplan zugeschnitten ist. Mit Ayari Reinigung entscheiden Sie sich f\u00fcr absolute Sorgenfreiheit durch einen flexiblen, p\u00fcnktlichen und diskreten Service.<\/p>\n                        \t\t\t\t\t\t<ul class=\"list clearfix\">\n\t\t\t\t\t\t\t\t\t\t\t\t   <li>Gr\u00fcndliche und detailgetreue Reinigung aller Oberfl\u00e4chen.<\/li>\n\t\t\t\t\t\t\t\t\t\t\t\t   <li><\/li>\n\t\t\t\t\t\t\t\t\t\t\t\t   <li>Einsatz von effektiven und umweltschonenden Reinigungsmitteln.<\/li>\n\t\t\t\t\t\t\t\t\t\t\t\t   <li><\/li>\n\t\t\t\t\t\t\t\t\t\t\t\t   <li>Qualifiziertes, vertrauensw\u00fcrdiges und geschultes Personal.<\/li>\n\t\t\t\t\t\t\t\t\t\t\t\t   <li><\/li>\n\t\t\t\t\t\t\t\t\t\t\t\t   <li>Flexible Einsatzzeiten nach Ihren pers\u00f6nlichen W\u00fcnschen.<\/li>\n\t\t\t\t\t\t\t\t\t\t\t\t<\/ul>\n\t\t\t\t\t\t                    <\/div>\n                <\/div>\n            <\/div>\n        <\/div>\n    <\/section>\n    <!-- single-service-two end -->\n                \n        \t\t\t\t<\/div>\n\t\t\t\t<\/div>\n\t\t\t\t\t<\/div>\n\t\t<\/div>\n\t\t\t\t\t<\/div>\n\t\t<\/section>\n\t\t\t\t<section class=\"elementor-section elementor-top-section elementor-element elementor-element-3789987 elementor-section-full_width elementor-section-height-default elementor-section-height-default\" data-id=\"3789987\" data-element_type=\"section\" data-e-type=\"section\">\n\t\t\t\t\t\t<div class=\"elementor-container elementor-column-gap-default\">\n\t\t\t\t\t<div class=\"elementor-column elementor-col-100 elementor-top-column elementor-element elementor-element-27db043\" data-id=\"27db043\" data-element_type=\"column\" data-e-type=\"column\">\n\t\t\t<div class=\"elementor-widget-wrap elementor-element-populated\">\n\t\t\t\t\t\t<div class=\"elementor-element elementor-element-fc24bbd elementor-widget elementor-widget-homlane_ta_service_section_v3\" data-id=\"fc24bbd\" data-element_type=\"widget\" data-e-type=\"widget\" data-widget_type=\"homlane_ta_service_section_v3.default\">\n\t\t\t\t<div class=\"elementor-widget-container\">\n\t\t\t\t\t\t\n    <!-- single-service-three -->\n    <section class=\"single-service-three\">\n        <div class=\"container\">\n            <div class=\"row clearfix\">\n                <div class=\"col-lg-9 col-md-12 col-sm-12 content-side\">\n                    <div class=\"content-box\">\n                                                <div class=\"image-box\">\n                            <div class=\"row clearfix\">\n                                                                                                                            <\/div>\n                        <\/div>\n                        <div class=\"text\">\n                            <h2>Ihre Vorteile bei Ayari Reinigung<\/h2>                        \t<p>Genie\u00dfen Sie die kostbare Zeit mit Ihrer Familie oder konzentrieren Sie sich auf Ihr Gesch\u00e4ft, w\u00e4hrend wir uns um die Sauberkeit k\u00fcmmern. Ayari Reinigung steht f\u00fcr Professionalit\u00e4t, Gr\u00fcndlichkeit und absolute Zuverl\u00e4ssigkeit. Wir bieten ma\u00dfgeschneiderte Reinigungsl\u00f6sungen, die exakt auf Ihre Wohnsituation abgestimmt sind.<\/p>                            \t\t\t\t\t\t\t<ul class=\"list clearfix\">\n\t\t\t\t\t\t\t\t\t\t\t\t\t\t   <li>H\u00f6chste Reinigungsqualit\u00e4t<\/li>\n\t\t\t\t\t\t\t\t\t\t\t\t\t\t   <li>Zeitersparnis<\/li>\n\t\t\t\t\t\t\t\t\t\t\t\t\t\t   <li>Geschultes Personal<\/li>\n\t\t\t\t\t\t\t\t\t\t\t\t\t\t   <li>Umweltschonende Mittel<\/li>\n\t\t\t\t\t\t\t\t\t\t\t\t\t\t   <li>Flexible Termine<\/li>\n\t\t\t\t\t\t\t\t\t\t\t\t\t\t   <li>Transparente Preise<\/li>\n\t\t\t\t\t\t\t\t\t\t\t\t\t\t   <li>Werterhalt Ihrer Immobilie<\/li>\n\t\t\t\t\t\t\t\t\t\t\t\t\t\t   <li>100% Zufriedenheitsgarantie<\/li>\n\t\t\t\t\t\t\t\t\t\t\t\t\t\t<\/ul>\n\t\t\t\t\t\t\t                        <\/div>\n                    <\/div>\n                <\/div>\n                <div class=\"col-lg-3 col-md-12 col-sm-12 sidebar-side\">\n                    <div class=\"sidebar-content\">\n                        <div class=\"inner-box\">\n                            <figure class=\"image-box\"><img decoding=\"async\" src=\"https:\/\/ayarireinigung.ch\/wp-content\/uploads\/2022\/05\/news-29-2.jpg\" alt=\"Awesome Image\"><\/figure>                            <div class=\"text\">\n                                <h3><span>Verf\u00fcgbar<\/span> f\u00fcr alle Arten von Reinigungsdiensten<\/h3>                        \t\t<h2>Wir sind f\u00fcr Sie da<\/h2>                                <a href=\"https:\/\/ayarireinigung.ch\/?page_id=2266\" class=\"theme-btn-two\"><span>Kontakt<\/span><\/a>                            <\/div>\n                        <\/div>\n                                            <\/div>\n                <\/div>\n            <\/div>\n        <\/div>\n    <\/section>\n    <!-- single-service-three end -->\n                \n        \t\t\t\t<\/div>\n\t\t\t\t<\/div>\n\t\t\t\t\t<\/div>\n\t\t<\/div>\n\t\t\t\t\t<\/div>\n\t\t<\/section>\n\t\t\t\t<\/div>\n\t\t","protected":false},"excerpt":{"rendered":"<p>Wohnungs\u2011 &amp; Hausreinigung Home Wohnungs\u2011 &amp; Hausreinigung Servicedetails Wohnungs\u2011 &amp; Hausreinigung Unsere Wohnungs- und Hausreinigung sorgt daf\u00fcr, dass Ihr Zuhause sauber, frisch und gem\u00fctlich bleibt. Wir bieten sowohl regelm\u00e4ssige Reinigungen als auch einmalige Grundreinigungen an. Leistungen im Detail: Staubwischen und Oberfl\u00e4chenreinigung Bodenpflege (Staubsaugen, Wischen, Teppichreinigung) Badezimmer und K\u00fcche gr\u00fcndlich reinigen M\u00fcllentsorgung und Recycling Optional: K\u00fchlschrank, [&hellip;]<\/p>\n","protected":false},"author":1,"featured_media":0,"parent":0,"menu_order":0,"comment_status":"closed","ping_status":"closed","template":"tpl-default-elementor.php","meta":{"footnotes":""},"class_list":["post-2339","page","type-page","status-publish","hentry"],"_hostinger_reach_plugin_has_subscription_block":false,"_hostinger_reach_plugin_is_elementor":false,"_links":{"self":[{"href":"https:\/\/ayarireinigung.ch\/index.php?rest_route=\/wp\/v2\/pages\/2339","targetHints":{"allow":["GET"]}}],"collection":[{"href":"https:\/\/ayarireinigung.ch\/index.php?rest_route=\/wp\/v2\/pages"}],"about":[{"href":"https:\/\/ayarireinigung.ch\/index.php?rest_route=\/wp\/v2\/types\/page"}],"author":[{"embeddable":true,"href":"https:\/\/ayarireinigung.ch\/index.php?rest_route=\/wp\/v2\/users\/1"}],"replies":[{"embeddable":true,"href":"https:\/\/ayarireinigung.ch\/index.php?rest_route=%2Fwp%2Fv2%2Fcomments&post=2339"}],"version-history":[{"count":26,"href":"https:\/\/ayarireinigung.ch\/index.php?rest_route=\/wp\/v2\/pages\/2339\/revisions"}],"predecessor-version":[{"id":4359,"href":"https:\/\/ayarireinigung.ch\/index.php?rest_route=\/wp\/v2\/pages\/2339\/revisions\/4359"}],"wp:attachment":[{"href":"https:\/\/ayarireinigung.ch\/index.php?rest_route=%2Fwp%2Fv2%2Fmedia&parent=2339"}],"curies":[{"name":"wp","href":"https:\/\/api.w.org\/{rel}","templated":true}]}}