{"id":2338,"date":"2022-04-22T11:25:21","date_gmt":"2022-04-22T11:25:21","guid":{"rendered":"http:\/\/fastwpdemo.com\/newwp\/homlane\/?page_id=2338"},"modified":"2026-01-24T13:36:02","modified_gmt":"2026-01-24T13:36:02","slug":"unkrautbekampfung","status":"publish","type":"page","link":"https:\/\/ayarireinigung.ch\/?page_id=2338","title":{"rendered":"Unkrautbek\u00e4mpfung"},"content":{"rendered":"\t\t<div data-elementor-type=\"wp-page\" data-elementor-id=\"2338\" class=\"elementor elementor-2338\">\n\t\t\t\t\t\t<section class=\"elementor-section elementor-top-section elementor-element elementor-element-066df86 elementor-section-full_width elementor-section-height-default elementor-section-height-default\" data-id=\"066df86\" data-element_type=\"section\" data-e-type=\"section\">\n\t\t\t\t\t\t<div class=\"elementor-container elementor-column-gap-default\">\n\t\t\t\t\t<div class=\"elementor-column elementor-col-100 elementor-top-column elementor-element elementor-element-f4767dd\" data-id=\"f4767dd\" data-element_type=\"column\" data-e-type=\"column\">\n\t\t\t<div class=\"elementor-widget-wrap elementor-element-populated\">\n\t\t\t\t\t\t<div class=\"elementor-element elementor-element-c267398 elementor-widget elementor-widget-homlane_ta_service_details_v1\" data-id=\"c267398\" data-element_type=\"widget\" data-e-type=\"widget\" data-widget_type=\"homlane_ta_service_details_v1.default\">\n\t\t\t\t<div class=\"elementor-widget-container\">\n\t\t\t\t\t    \n    <!-- single-service-four -->\n    <section class=\"single-service-five\">\n        <div class=\"container\">\n            <div class=\"row clearfix\">\n                                <div class=\"col-lg-12 col-md-12 col-sm-12 content-side\">\n                    <div class=\"service-details-content\">\n                        <div class=\"content-one\">\n                            <div class=\"image-inner\">\n                                <div class=\"row clearfix\">\n                                                                        <div class=\"col-lg-8 col-md-6 col-sm-12 single-image\">\n                                        <figure class=\"image-box image-1\"><img decoding=\"async\" src=\"https:\/\/ayarireinigung.ch\/wp-content\/uploads\/2026\/01\/close-up-person-using-trimming-tool-bush-scaled.jpg\" alt=\"Awesome Image\"><\/figure>\n                                    <\/div>\n                                                                                                            <div class=\"col-lg-4 col-md-6 col-sm-12 single-image\">\n                                        <figure class=\"image-box image-2\"><img decoding=\"async\" src=\"https:\/\/ayarireinigung.ch\/wp-content\/uploads\/2026\/01\/farmer-agronomist-checking-crops-quality-field-scaled.jpg\" alt=\"Awesome Image\"><\/figure>\n                                    <\/div>\n                                                                    <\/div>\n                            <\/div>\n                                                        <div class=\"text\">\n                                <h2>Saubere Wege und gepflegte G\u00e4rten<\/h2>\n                                <p>Genie\u00dfen Sie Ihre Au\u00dfenbereiche ohne st\u00f6rendes Unkraut. Unser erfahrenes Team sorgt daf\u00fcr, dass Wege, Terrassen und Gr\u00fcnfl\u00e4chen frei von Unkraut bleiben. Dabei verwenden wir schonende und umweltfreundliche Methoden, die Ihre Pflanzen sch\u00fctzen und Ihre Fl\u00e4chen langfristig gepflegt halten..<\/p>                            <\/div>\n                                                    <\/div>\n                        <div class=\"content-two\">\n                            <div class=\"row clearfix\">\n                                                                <div class=\"col-lg-6 col-md-6 col-sm-12 image-column\">\n                                    <figure class=\"image-box\"><img decoding=\"async\" src=\"https:\/\/ayarireinigung.ch\/wp-content\/uploads\/2026\/01\/young-bearded-farmer-worker-spraying-plants-with-pesticides-protect-against-disease-scaled.jpg\" alt=\"Awesome Image\"><\/figure>\n                                <\/div>\n                                 \n                                <div class=\"col-lg-6 col-md-6 col-sm-12 text-column\">\n                                    <div class=\"text\">\n                                        <h3>Unsere Leistungen im \u00dcberblick<\/h3>\n                                       \t<p>Wir k\u00fcmmern uns um alle Aspekte der Unkrautbek\u00e4mpfung \u2013 von der gezielten Entfernung bis zur langfristigen Pflege Ihrer Au\u00dfenbereiche. Mit professionellem Einsatz und umweltfreundlichen Methoden sorgen wir daf\u00fcr, dass Ihre Beete, Wege und Terrassen dauerhaft gepflegt bleiben.<\/p>\n                                        \t\t\t\t\t\t\t\t\t\t<ul class=\"list clearfix\">\n\t\t\t\t\t\t\t\t\t\t\t\t\t\t\t\t\t\t\t\t   <li>Entfernung von Unkraut aus Beeten, Wegen und Terrassen<\/li>\n\t\t\t\t\t\t\t\t\t\t\t\t\t\t\t\t\t\t\t\t   <li>Pr\u00e4ventive Behandlung zur Vermeidung von Neubewuchs<\/li>\n\t\t\t\t\t\t\t\t\t\t\t\t\t\t\t\t\t\t\t\t   <li>Pflege von Gr\u00fcnfl\u00e4chen und Rasenfl\u00e4chen<\/li>\n\t\t\t\t\t\t\t\t\t\t\t\t\t\t\t\t\t\t\t\t   <li>Einsatz umweltfreundlicher Methoden und Werkzeuge<\/li>\n\t\t\t\t\t\t\t\t\t\t\t\t\t\t\t\t\t\t\t\t<\/ul>\n\t\t\t\t\t\t\t\t\t\t                                    <\/div>\n                                <\/div>\n                            <\/div>\n                        <\/div>\n                        <div class=\"content-four\">\n                                                        <div class=\"text\">\n                                <h3>Mehr Informationen<\/h3>\n                            <\/div>\n                                                        <div class=\"row clearfix\">\n                                <div class=\"col-lg-8 col-md-12 col-sm-12 accordion-column\">\n                                    <div class=\"accordion-box\">\n                                                                                <div class=\"accordion accordion-block\">\n                                            <div class=\"accord-btn\"><h4>Warum sollte ich Unkraut regelm\u00e4\u00dfig entfernen lassen?<\/h4><\/div>\n                                            <div class=\"accord-content\">\n                                                <p>Regelm\u00e4\u00dfige Unkrautbek\u00e4mpfung h\u00e4lt Ihre Beete, Wege und Terrassen sauber, verhindert die Ausbreitung von Unkraut und sch\u00fctzt andere Pflanzen vor Sch\u00e4den.<\/p>\n                                            <\/div>\n                                        <\/div>\n                                                                                <div class=\"accordion accordion-block\">\n                                            <div class=\"accord-btn\"><h4>Welche Methoden verwenden Sie zur Unkrautbek\u00e4mpfung?<\/h4><\/div>\n                                            <div class=\"accord-content\">\n                                                <p>Wir setzen auf schonende und umweltfreundliche Methoden, die effektiv Unkraut entfernen, ohne die Pflanzen oder den Boden zu sch\u00e4digen.<\/p>\n                                            <\/div>\n                                        <\/div>\n                                                                                <div class=\"accordion accordion-block\">\n                                            <div class=\"accord-btn\"><h4>Wie oft sollte die Unkrautbek\u00e4mpfung durchgef\u00fchrt werden?<\/h4><\/div>\n                                            <div class=\"accord-content\">\n                                                <p>Die H\u00e4ufigkeit h\u00e4ngt von der Fl\u00e4che, den Wetterbedingungen und dem Pflanzenwachstum ab. In der Regel empfehlen wir mindestens zwei bis vier Behandlungen pro Jahr.<\/p>\n                                            <\/div>\n                                        <\/div>\n                                                                                <div class=\"accordion accordion-block\">\n                                            <div class=\"accord-btn\"><h4>K\u00f6nnen Sie auch vorbeugend handeln, damit Unkraut nicht nachw\u00e4chst?<\/h4><\/div>\n                                            <div class=\"accord-content\">\n                                                <p>Ja, wir bieten pr\u00e4ventive Ma\u00dfnahmen an, um die Neubildung von Unkraut zu reduzieren und Ihre Au\u00dfenbereiche langfristig gepflegt zu halten.<\/p>\n                                            <\/div>\n                                        <\/div>\n                                                                            <\/div>\n                                <\/div>\n                                                                <div class=\"col-lg-4 col-md-12 col-sm-12 info-column\">\n                                    <div class=\"contact-info\">\n                                        <figure class=\"image\"><img decoding=\"async\" src=\"https:\/\/ayarireinigung.ch\/wp-content\/uploads\/2022\/04\/single-service-1-2.png\" alt=\"Awesome Image\"><\/figure>\n                                        <h4>Haben Sie Bedarf an professionellen Reinigungsdiensten?<\/h4>\n                                        <a href=\"https:\/\/ayarireinigung.ch\/?page_id=2266\" class=\"theme-btn-two\">kONTAKT<\/a>\n                                    <\/div>\n                                <\/div>\n                                                            <\/div>\n                        <\/div>\n                    <\/div>\n                <\/div>\n            <\/div>\n        <\/div>\n    <\/section>\n    <!-- single-service-four end -->\n        \n        \t\t\t\t<\/div>\n\t\t\t\t<\/div>\n\t\t\t\t\t<\/div>\n\t\t<\/div>\n\t\t\t\t\t<\/div>\n\t\t<\/section>\n\t\t\t\t<\/div>\n\t\t","protected":false},"excerpt":{"rendered":"<p>Saubere Wege und gepflegte G\u00e4rten Genie\u00dfen Sie Ihre Au\u00dfenbereiche ohne st\u00f6rendes Unkraut. Unser erfahrenes Team sorgt daf\u00fcr, dass Wege, Terrassen und Gr\u00fcnfl\u00e4chen frei von Unkraut bleiben. Dabei verwenden wir schonende und umweltfreundliche Methoden, die Ihre Pflanzen sch\u00fctzen und Ihre Fl\u00e4chen langfristig gepflegt halten.. Unsere Leistungen im \u00dcberblick Wir k\u00fcmmern uns um alle Aspekte der Unkrautbek\u00e4mpfung [&hellip;]<\/p>\n","protected":false},"author":1,"featured_media":0,"parent":0,"menu_order":0,"comment_status":"closed","ping_status":"closed","template":"tpl-default-elementor.php","meta":{"footnotes":""},"class_list":["post-2338","page","type-page","status-publish","hentry"],"_hostinger_reach_plugin_has_subscription_block":false,"_hostinger_reach_plugin_is_elementor":false,"_links":{"self":[{"href":"https:\/\/ayarireinigung.ch\/index.php?rest_route=\/wp\/v2\/pages\/2338","targetHints":{"allow":["GET"]}}],"collection":[{"href":"https:\/\/ayarireinigung.ch\/index.php?rest_route=\/wp\/v2\/pages"}],"about":[{"href":"https:\/\/ayarireinigung.ch\/index.php?rest_route=\/wp\/v2\/types\/page"}],"author":[{"embeddable":true,"href":"https:\/\/ayarireinigung.ch\/index.php?rest_route=\/wp\/v2\/users\/1"}],"replies":[{"embeddable":true,"href":"https:\/\/ayarireinigung.ch\/index.php?rest_route=%2Fwp%2Fv2%2Fcomments&post=2338"}],"version-history":[{"count":26,"href":"https:\/\/ayarireinigung.ch\/index.php?rest_route=\/wp\/v2\/pages\/2338\/revisions"}],"predecessor-version":[{"id":4325,"href":"https:\/\/ayarireinigung.ch\/index.php?rest_route=\/wp\/v2\/pages\/2338\/revisions\/4325"}],"wp:attachment":[{"href":"https:\/\/ayarireinigung.ch\/index.php?rest_route=%2Fwp%2Fv2%2Fmedia&parent=2338"}],"curies":[{"name":"wp","href":"https:\/\/api.w.org\/{rel}","templated":true}]}}