{"id":2266,"date":"2022-04-22T05:47:34","date_gmt":"2022-04-22T05:47:34","guid":{"rendered":"http:\/\/fastwpdemo.com\/newwp\/homlane\/?page_id=2266"},"modified":"2026-04-09T17:03:13","modified_gmt":"2026-04-09T17:03:13","slug":"contact-style-01","status":"publish","type":"page","link":"https:\/\/ayarireinigung.ch\/?page_id=2266","title":{"rendered":"Kontakt"},"content":{"rendered":"\t\t<div data-elementor-type=\"wp-page\" data-elementor-id=\"2266\" class=\"elementor elementor-2266\">\n\t\t\t\t\t\t<section class=\"elementor-section elementor-top-section elementor-element elementor-element-520dfe6 elementor-section-full_width elementor-section-height-default elementor-section-height-default\" data-id=\"520dfe6\" data-element_type=\"section\" data-e-type=\"section\">\n\t\t\t\t\t\t<div class=\"elementor-container elementor-column-gap-default\">\n\t\t\t\t\t<div class=\"elementor-column elementor-col-100 elementor-top-column elementor-element elementor-element-9fc0610\" data-id=\"9fc0610\" data-element_type=\"column\" data-e-type=\"column\">\n\t\t\t<div class=\"elementor-widget-wrap elementor-element-populated\">\n\t\t\t\t\t\t<div class=\"elementor-element elementor-element-1c49d4f elementor-widget elementor-widget-homlane_ta_page_banner\" data-id=\"1c49d4f\" data-element_type=\"widget\" data-e-type=\"widget\" data-widget_type=\"homlane_ta_page_banner.default\">\n\t\t\t\t<div class=\"elementor-widget-container\">\n\t\t\t\t\t                <!-- Page Title -->\n        <section class=\"page-title\" style=\"background-image: url(https:\/\/ayarireinigung.ch\/wp-content\/uploads\/2022\/05\/page-title-3.jpg);\">\n            <div class=\"pattern-layer\" style=\"background-image: url(https:\/\/ayarireinigung.ch\/wp-content\/uploads\/2022\/05\/shape-43-2.png);\"><\/div>\n            <div class=\"auto-container\">\n                <div class=\"content-box\">\n                    <div class=\"title\">\n                        <h1>Kontakt<\/h1>\n                    <\/div>\n                    <ul class=\"bread-crumb clearfix\">\n                        <li class=\"breadcrumb-item\"><a href=\"https:\/\/ayarireinigung.ch\/\">Home<\/a><\/li><li class=\"breadcrumb-item\"><a href=\"https:\/\/ayarireinigung.ch\/?page_id=2266\">Kontakt<\/a><\/li>                    <\/ul>\n                <\/div>\n            <\/div>\n        <\/section>\n        <!-- End Page Title -->\n\t\t        \t\t\t\t<\/div>\n\t\t\t\t<\/div>\n\t\t\t\t\t<\/div>\n\t\t<\/div>\n\t\t\t\t\t<\/div>\n\t\t<\/section>\n\t\t\t\t<section class=\"elementor-section elementor-top-section elementor-element elementor-element-9bb6ae3 elementor-section-full_width elementor-section-height-default elementor-section-height-default\" data-id=\"9bb6ae3\" data-element_type=\"section\" data-e-type=\"section\">\n\t\t\t\t\t\t<div class=\"elementor-container elementor-column-gap-default\">\n\t\t\t\t\t<div class=\"elementor-column elementor-col-100 elementor-top-column elementor-element elementor-element-1cc5cab\" data-id=\"1cc5cab\" data-element_type=\"column\" data-e-type=\"column\">\n\t\t\t<div class=\"elementor-widget-wrap elementor-element-populated\">\n\t\t\t\t\t\t<div class=\"elementor-element elementor-element-236c934 elementor-widget elementor-widget-homlane_ta_contact_us_v3\" data-id=\"236c934\" data-element_type=\"widget\" data-e-type=\"widget\" data-widget_type=\"homlane_ta_contact_us_v3.default\">\n\t\t\t\t<div class=\"elementor-widget-container\">\n\t\t\t\t\t    \n    <!-- contact-style-four -->\n    <section class=\"contact-style-four\">\n        <div class=\"container\">\n            <div class=\"row clearfix\">\n                <div class=\"col-lg-8 col-md-12 col-sm-12 form-column\">\n                    <div class=\"form-inner\">\n                        <div class=\"sec-title-two\">\n                            <h2>Wir freuen uns, von Ihnen zu h\u00f6ren<\/h2>                            <p>Wenn es Ihnen nichts ausmacht, informieren Sie uns bitte, ob Sie eine Anfrage haben, einen Kommentar hinterlassen m\u00f6chten oder weitere Informationen \u00fcber Ayari Reinigung w\u00fcnschen<\/p>                        <\/div>\n                        \n<div class=\"wpcf7 no-js\" id=\"wpcf7-f2293-o1\" lang=\"en-US\" dir=\"ltr\" data-wpcf7-id=\"2293\">\n<div class=\"screen-reader-response\"><p role=\"status\" aria-live=\"polite\" aria-atomic=\"true\"><\/p> <ul><\/ul><\/div>\n<form action=\"\/index.php?rest_route=%2Fwp%2Fv2%2Fpages%2F2266#wpcf7-f2293-o1\" method=\"post\" class=\"wpcf7-form init\" aria-label=\"Contact form\" novalidate=\"novalidate\" data-status=\"init\">\n<fieldset class=\"hidden-fields-container\"><input type=\"hidden\" name=\"_wpcf7\" value=\"2293\" \/><input type=\"hidden\" name=\"_wpcf7_version\" value=\"6.1.4\" \/><input type=\"hidden\" name=\"_wpcf7_locale\" value=\"en_US\" \/><input type=\"hidden\" name=\"_wpcf7_unit_tag\" value=\"wpcf7-f2293-o1\" \/><input type=\"hidden\" name=\"_wpcf7_container_post\" value=\"0\" \/><input type=\"hidden\" name=\"_wpcf7_posted_data_hash\" value=\"\" \/>\n<\/fieldset>\n<div class=\"row clearfix\">\n\t<div class=\"col-lg-6 col-md-6 col-sm-12 form-group\">\n\t\t<p><span class=\"wpcf7-form-control-wrap\" data-name=\"text-450\"><input size=\"40\" maxlength=\"400\" class=\"wpcf7-form-control wpcf7-text wpcf7-validates-as-required\" aria-required=\"true\" aria-invalid=\"false\" placeholder=\"Benutzername\" value=\"\" type=\"text\" name=\"text-450\" \/><\/span>\n\t\t<\/p>\n\t<\/div>\n\t<div class=\"col-lg-6 col-md-6 col-sm-12 form-group\">\n\t\t<p><span class=\"wpcf7-form-control-wrap\" data-name=\"email-593\"><input size=\"40\" maxlength=\"400\" class=\"wpcf7-form-control wpcf7-email wpcf7-validates-as-required wpcf7-text wpcf7-validates-as-email\" aria-required=\"true\" aria-invalid=\"false\" placeholder=\"E-Mail-Adresse\" value=\"\" type=\"email\" name=\"email-593\" \/><\/span>\n\t\t<\/p>\n\t<\/div>\n\t<div class=\"col-lg-12 col-md-12 col-sm-12 form-group\">\n\t\t<p><span class=\"wpcf7-form-control-wrap\" data-name=\"text-451\"><input size=\"40\" maxlength=\"400\" class=\"wpcf7-form-control wpcf7-text wpcf7-validates-as-required\" aria-required=\"true\" aria-invalid=\"false\" placeholder=\"Betreff\" value=\"\" type=\"text\" name=\"text-451\" \/><\/span>\n\t\t<\/p>\n\t<\/div>\n\t<div class=\"col-lg-12 col-md-12 col-sm-12 form-group\">\n\t\t<p><span class=\"wpcf7-form-control-wrap\" data-name=\"textarea-119\"><textarea cols=\"40\" rows=\"10\" maxlength=\"2000\" class=\"wpcf7-form-control wpcf7-textarea wpcf7-validates-as-required\" aria-required=\"true\" aria-invalid=\"false\" placeholder=\"Nachricht\" name=\"textarea-119\"><\/textarea><\/span>\n\t\t<\/p>\n\t<\/div>\n\t<div class=\"col-lg-12 col-md-12 col-sm-12 form-group message-btn\">\n\t\t<p><button type=\"submit\" class=\"theme-btn-two\"><span>submit now<\/span><\/button>\n\t\t<\/p>\n\t<\/div>\n<\/div><div class=\"wpcf7-response-output\" aria-hidden=\"true\"><\/div>\n<\/form>\n<\/div>\n                    <\/div>\n                <\/div>\n                <div class=\"col-lg-4 col-md-12 col-sm-12 info-column\">\n                    <div class=\"info-inner\">\n                                                <div class=\"title\">\n                            <h3>Unsere B\u00fcroadresse :<\/h3>\n                        <\/div>\n                                                <div class=\"inner-box\">\n                                                        <div class=\"single-item\">\n                                <h5>Unser Standort in der Schweiz<\/h5>\n                                <p><\/p>\n                            <\/div>\n                                                                                    <div class=\"single-item\">\n                                <h5><\/h5>\n                                <p>Espenstrasse 88\n8408 winterthur Schweiz<\/p>\n                            <\/div>\n                                                                                    <div class=\"single-item\">\n                                <h5>Haben Sie eine Frage?<\/h5>\n                                <p>Rufen Sie uns an unter : <a>+41 76 200 09 91<\/a> <\/p>\n                            <\/div>\n                                                    <\/div>\n                    <\/div>\n                <\/div>\n            <\/div>\n        <\/div>\n    <\/section>\n    <!-- contact-style-four end -->\n\n        \t\t\t\t<\/div>\n\t\t\t\t<\/div>\n\t\t\t\t\t<\/div>\n\t\t<\/div>\n\t\t\t\t\t<\/div>\n\t\t<\/section>\n\t\t\t\t<section class=\"elementor-section elementor-top-section elementor-element elementor-element-9ccc930 elementor-section-full_width elementor-section-height-default elementor-section-height-default\" data-id=\"9ccc930\" data-element_type=\"section\" data-e-type=\"section\">\n\t\t\t\t\t\t<div class=\"elementor-container elementor-column-gap-default\">\n\t\t\t\t\t<div class=\"elementor-column elementor-col-100 elementor-top-column elementor-element elementor-element-cfea4bb\" data-id=\"cfea4bb\" data-element_type=\"column\" data-e-type=\"column\">\n\t\t\t<div class=\"elementor-widget-wrap elementor-element-populated\">\n\t\t\t\t\t\t<div class=\"elementor-element elementor-element-bbe83dd elementor-widget elementor-widget-homlane_ta_google_map_v2\" data-id=\"bbe83dd\" data-element_type=\"widget\" data-e-type=\"widget\" data-widget_type=\"homlane_ta_google_map_v2.default\">\n\t\t\t\t<div class=\"elementor-widget-container\">\n\t\t\t\t\t\t\n        \n    <!--Start Address Area-->\n    <section class=\"address-area\">\n        <div class=\"container\">\n            <div class=\"row\">\n                <div class=\"col-xl-12\">\n                    <div class=\"contact-map-outer\">\n                        <!--Map Canvas-->\n                        <div class=\"map-canvas\">\n                        \t<iframe src=\"https:\/\/www.google.com\/maps\/embed?pb=!1m18!1m12!1m3!1d424146.10300325596!2d150.65177960941722!3d-33.84735665138919!2m3!1f0!2f0!3f0!3m2!1i1024!2i768!4f13.1!3m3!1m2!1s0x6b129838f39a743f%3A0x3017d681632a850!2sSydney%20NSW%2C%20Australia!5e0!3m2!1sen!2sro!4v1650607366846!5m2!1sen!2sro\" width=\"600\" height=\"450\" style=\"border:0;\" allowfullscreen=\"\" loading=\"lazy\" referrerpolicy=\"no-referrer-when-downgrade\"><\/iframe>                        <\/div>\n                    <\/div>    \n                <\/div>\n            <\/div>\n        <\/div>\n    <\/section>\n    <!--End Address Area-->\n\t\n     \t\t\t\t<\/div>\n\t\t\t\t<\/div>\n\t\t\t\t\t<\/div>\n\t\t<\/div>\n\t\t\t\t\t<\/div>\n\t\t<\/section>\n\t\t\t\t<section class=\"elementor-section elementor-top-section elementor-element elementor-element-03ca748 elementor-section-boxed elementor-section-height-default elementor-section-height-default\" data-id=\"03ca748\" data-element_type=\"section\" data-e-type=\"section\">\n\t\t\t\t\t\t<div class=\"elementor-container elementor-column-gap-default\">\n\t\t\t\t\t<div class=\"elementor-column elementor-col-100 elementor-top-column elementor-element elementor-element-51d7bc2\" data-id=\"51d7bc2\" data-element_type=\"column\" data-e-type=\"column\">\n\t\t\t<div class=\"elementor-widget-wrap elementor-element-populated\">\n\t\t\t\t\t\t<div class=\"elementor-element elementor-element-933eb19 elementor-widget elementor-widget-spacer\" data-id=\"933eb19\" data-element_type=\"widget\" data-e-type=\"widget\" data-widget_type=\"spacer.default\">\n\t\t\t\t\t\t\t<div class=\"elementor-spacer\">\n\t\t\t<div class=\"elementor-spacer-inner\"><\/div>\n\t\t<\/div>\n\t\t\t\t\t\t<\/div>\n\t\t\t\t\t<\/div>\n\t\t<\/div>\n\t\t\t\t\t<\/div>\n\t\t<\/section>\n\t\t\t\t<\/div>\n\t\t","protected":false},"excerpt":{"rendered":"<p>Kontakt Home Kontakt Wir freuen uns, von Ihnen zu h\u00f6ren Wenn es Ihnen nichts ausmacht, informieren Sie uns bitte, ob Sie eine Anfrage haben, einen Kommentar hinterlassen m\u00f6chten oder weitere Informationen \u00fcber Ayari Reinigung w\u00fcnschen submit now Unsere B\u00fcroadresse : Unser Standort in der Schweiz Espenstrasse 88 8408 winterthur Schweiz Haben Sie eine Frage? Rufen [&hellip;]<\/p>\n","protected":false},"author":1,"featured_media":0,"parent":0,"menu_order":0,"comment_status":"closed","ping_status":"closed","template":"tpl-default-elementor.php","meta":{"footnotes":""},"class_list":["post-2266","page","type-page","status-publish","hentry"],"_hostinger_reach_plugin_has_subscription_block":false,"_hostinger_reach_plugin_is_elementor":false,"_links":{"self":[{"href":"https:\/\/ayarireinigung.ch\/index.php?rest_route=\/wp\/v2\/pages\/2266","targetHints":{"allow":["GET"]}}],"collection":[{"href":"https:\/\/ayarireinigung.ch\/index.php?rest_route=\/wp\/v2\/pages"}],"about":[{"href":"https:\/\/ayarireinigung.ch\/index.php?rest_route=\/wp\/v2\/types\/page"}],"author":[{"embeddable":true,"href":"https:\/\/ayarireinigung.ch\/index.php?rest_route=\/wp\/v2\/users\/1"}],"replies":[{"embeddable":true,"href":"https:\/\/ayarireinigung.ch\/index.php?rest_route=%2Fwp%2Fv2%2Fcomments&post=2266"}],"version-history":[{"count":19,"href":"https:\/\/ayarireinigung.ch\/index.php?rest_route=\/wp\/v2\/pages\/2266\/revisions"}],"predecessor-version":[{"id":4589,"href":"https:\/\/ayarireinigung.ch\/index.php?rest_route=\/wp\/v2\/pages\/2266\/revisions\/4589"}],"wp:attachment":[{"href":"https:\/\/ayarireinigung.ch\/index.php?rest_route=%2Fwp%2Fv2%2Fmedia&parent=2266"}],"curies":[{"name":"wp","href":"https:\/\/api.w.org\/{rel}","templated":true}]}}