{"id":2246,"date":"2022-04-21T12:13:15","date_gmt":"2022-04-21T12:13:15","guid":{"rendered":"http:\/\/fastwpdemo.com\/newwp\/homlane\/?page_id=2246"},"modified":"2026-04-09T17:22:41","modified_gmt":"2026-04-09T17:22:41","slug":"dienstleistungen","status":"publish","type":"page","link":"https:\/\/ayarireinigung.ch\/?page_id=2246","title":{"rendered":"Dienstleistungen"},"content":{"rendered":"\t\t<div data-elementor-type=\"wp-page\" data-elementor-id=\"2246\" class=\"elementor elementor-2246\">\n\t\t\t\t\t\t<section class=\"elementor-section elementor-top-section elementor-element elementor-element-0db7089 elementor-section-full_width elementor-section-height-default elementor-section-height-default\" data-id=\"0db7089\" data-element_type=\"section\" data-e-type=\"section\">\n\t\t\t\t\t\t<div class=\"elementor-container elementor-column-gap-default\">\n\t\t\t\t\t<div class=\"elementor-column elementor-col-100 elementor-top-column elementor-element elementor-element-1a7879e\" data-id=\"1a7879e\" data-element_type=\"column\" data-e-type=\"column\">\n\t\t\t<div class=\"elementor-widget-wrap elementor-element-populated\">\n\t\t\t\t\t\t<div class=\"elementor-element elementor-element-820ba6f elementor-widget elementor-widget-homlane_ta_page_banner\" data-id=\"820ba6f\" data-element_type=\"widget\" data-e-type=\"widget\" data-widget_type=\"homlane_ta_page_banner.default\">\n\t\t\t\t<div class=\"elementor-widget-container\">\n\t\t\t\t\t                <!-- Page Title -->\n        <section class=\"page-title\" style=\"background-image: url(https:\/\/ayarireinigung.ch\/wp-content\/uploads\/2022\/05\/page-title-3.jpg);\">\n            <div class=\"pattern-layer\" style=\"background-image: url(https:\/\/ayarireinigung.ch\/wp-content\/uploads\/2022\/05\/shape-43-2.png);\"><\/div>\n            <div class=\"auto-container\">\n                <div class=\"content-box\">\n                    <div class=\"title\">\n                        <h1>Dienstleistungen<\/h1>\n                    <\/div>\n                    <ul class=\"bread-crumb clearfix\">\n                        <li class=\"breadcrumb-item\"><a href=\"https:\/\/ayarireinigung.ch\/\">Home<\/a><\/li><li class=\"breadcrumb-item\"><a href=\"https:\/\/ayarireinigung.ch\/?page_id=2246\">Dienstleistungen<\/a><\/li>                    <\/ul>\n                <\/div>\n            <\/div>\n        <\/section>\n        <!-- End Page Title -->\n\t\t        \t\t\t\t<\/div>\n\t\t\t\t<\/div>\n\t\t\t\t\t<\/div>\n\t\t<\/div>\n\t\t\t\t\t<\/div>\n\t\t<\/section>\n\t\t\t\t<section class=\"elementor-section elementor-top-section elementor-element elementor-element-ccf3a24 elementor-section-full_width elementor-section-height-default elementor-section-height-default\" data-id=\"ccf3a24\" data-element_type=\"section\" data-e-type=\"section\">\n\t\t\t\t\t\t<div class=\"elementor-container elementor-column-gap-default\">\n\t\t\t\t\t<div class=\"elementor-column elementor-col-100 elementor-top-column elementor-element elementor-element-640820c\" data-id=\"640820c\" data-element_type=\"column\" data-e-type=\"column\">\n\t\t\t<div class=\"elementor-widget-wrap elementor-element-populated\">\n\t\t\t\t\t\t<div class=\"elementor-element elementor-element-b4a4177 elementor-widget elementor-widget-homlane_ta_our_services_v8\" data-id=\"b4a4177\" data-element_type=\"widget\" data-e-type=\"widget\" data-widget_type=\"homlane_ta_our_services_v8.default\">\n\t\t\t\t<div class=\"elementor-widget-container\">\n\t\t\t\t\t    \n    <!-- service-style-12 -->\n    <section class=\"service-style-13\">\n        <div class=\"container\">\n                        <div class=\"sec-title-two centred\">\n                <span class=\"sub-title\">Was wir tun<\/span>                <h2>Unsere Reinigungsdienstleistungen<\/h2>            <\/div>\n                        <div class=\"inner-content\">\n                <div class=\"row clearfix\">\n                                        <div class=\"col-lg-3 col-md-6 col-sm-12 service-block\">\n                        <div class=\"service-block-13\">\n                            <div class=\"inner-box\">\n                                <div class=\"icon-box\"><img decoding=\"async\" src=\"https:\/\/ayarireinigung.ch\/wp-content\/uploads\/2022\/04\/full-shot-people-cleaning-room-together-scaled.jpg\" alt=\"Awesome Image\"><\/div>                                <h3><a href=\"https:\/\/ayarireinigung.ch\/?page_id=2339\">Wohnungs\u2011 &amp; Hausreinigung<\/a><\/h3>                                <p>Staubwischen und Oberfl\u00e4chenreinigung<\/p>                                <div class=\"link\"><a href=\"https:\/\/ayarireinigung.ch\/?page_id=2339\">Details anzeigen  +<\/a><\/div>                            <\/div>\n                        <\/div>\n                    <\/div>\n                                        <div class=\"col-lg-3 col-md-6 col-sm-12 service-block\">\n                        <div class=\"service-block-13\">\n                            <div class=\"inner-box\">\n                                <div class=\"icon-box\"><img decoding=\"async\" src=\"https:\/\/ayarireinigung.ch\/wp-content\/uploads\/2026\/01\/professional-cleaning-service-person-cleaning-office-scaled.jpg\" alt=\"Awesome Image\"><\/div>                                <h3><a href=\"https:\/\/ayarireinigung.ch\/?page_id=2337\">Professionelle B\u00fcroreinigung<\/a><\/h3>                                <p>Gesunde Arbeitsumgebung\n<\/p>                                <div class=\"link\"><a href=\"https:\/\/ayarireinigung.ch\/?page_id=2337\">Details anzeigen  +<\/a><\/div>                            <\/div>\n                        <\/div>\n                    <\/div>\n                                        <div class=\"col-lg-3 col-md-6 col-sm-12 service-block\">\n                        <div class=\"service-block-13\">\n                            <div class=\"inner-box\">\n                                <div class=\"icon-box\"><img decoding=\"async\" src=\"https:\/\/ayarireinigung.ch\/wp-content\/uploads\/2022\/04\/chooseus-1-2.jpg\" alt=\"Awesome Image\"><\/div>                                <h3><a href=\"https:\/\/ayarireinigung.ch\/?page_id=4307&#038;preview=true\">Glas\u2011 &amp; Fensterreinigung<\/a><\/h3>                                <p>Reinigung von Innen- und Au\u00dfenfenstern\n<\/p>                                <div class=\"link\"><a href=\"https:\/\/ayarireinigung.ch\/?page_id=4307&#038;preview=true\">Details anzeigen  +<\/a><\/div>                            <\/div>\n                        <\/div>\n                    <\/div>\n                                        <div class=\"col-lg-3 col-md-6 col-sm-12 service-block\">\n                        <div class=\"service-block-13\">\n                            <div class=\"inner-box\">\n                                <div class=\"icon-box\"><img decoding=\"async\" src=\"https:\/\/ayarireinigung.ch\/wp-content\/uploads\/2026\/01\/closeup-man-carrying-cardboard-boxes-while-relocating-into-new-apartment-scaled.jpg\" alt=\"Awesome Image\"><\/div>                                <h3><a href=\"https:\/\/ayarireinigung.ch\/?page_id=3758\">Umzugs- &amp; Endreinigung\n<\/a><\/h3>                                <p>Gr\u00fcndliche Reinigung aller R\u00e4ume\n<\/p>                                <div class=\"link\"><a href=\"https:\/\/ayarireinigung.ch\/?page_id=3758\">Details anzeigen  +<\/a><\/div>                            <\/div>\n                        <\/div>\n                    <\/div>\n                                        <div class=\"col-lg-3 col-md-6 col-sm-12 service-block\">\n                        <div class=\"service-block-13\">\n                            <div class=\"inner-box\">\n                                <div class=\"icon-box\"><img decoding=\"async\" src=\"https:\/\/ayarireinigung.ch\/wp-content\/uploads\/2026\/01\/workers-washing-windows-office-building-scaled.jpg\" alt=\"Awesome Image\"><\/div>                                <h3><a href=\"https:\/\/ayarireinigung.ch\/?page_id=4240\">Fassaden-reinigung<\/a><\/h3>                                <p>Saubere Fassaden garantiert<\/p>                                <div class=\"link\"><a href=\"https:\/\/ayarireinigung.ch\/?page_id=4240\">Details anzeigen  +<\/a><\/div>                            <\/div>\n                        <\/div>\n                    <\/div>\n                                        <div class=\"col-lg-3 col-md-6 col-sm-12 service-block\">\n                        <div class=\"service-block-13\">\n                            <div class=\"inner-box\">\n                                <div class=\"icon-box\"><img decoding=\"async\" src=\"https:\/\/ayarireinigung.ch\/wp-content\/uploads\/2026\/01\/man-cleaning-staircase-handrail-gloves-scaled.jpg\" alt=\"Awesome Image\"><\/div>                                <h3><a href=\"https:\/\/ayarireinigung.ch\/?page_id=4265\">Treppenhaus-reinigung<\/a><\/h3>                                <p>Saubere Treppen t\u00e4glich<\/p>                                <div class=\"link\"><a href=\"https:\/\/ayarireinigung.ch\/?page_id=4265\">Details anzeigen  +<\/a><\/div>                            <\/div>\n                        <\/div>\n                    <\/div>\n                                        <div class=\"col-lg-3 col-md-6 col-sm-12 service-block\">\n                        <div class=\"service-block-13\">\n                            <div class=\"inner-box\">\n                                <div class=\"icon-box\"><img decoding=\"async\" src=\"https:\/\/ayarireinigung.ch\/wp-content\/uploads\/2026\/01\/effort-fatigue-young-adult-tired-man-protective-helmet-bright-vest-with-special-equipment-working-construction-site-against-background-new-building-scaled.jpg\" alt=\"Awesome Image\"><\/div>                                <h3><a href=\"https:\/\/ayarireinigung.ch\/?page_id=4290\">Baureinigung<\/a><\/h3>                                <p>Baustelle blitzsauber schnel<\/p>                                <div class=\"link\"><a href=\"https:\/\/ayarireinigung.ch\/?page_id=4290\">Details anzeigen  +<\/a><\/div>                            <\/div>\n                        <\/div>\n                    <\/div>\n                                        <div class=\"col-lg-3 col-md-6 col-sm-12 service-block\">\n                        <div class=\"service-block-13\">\n                            <div class=\"inner-box\">\n                                <div class=\"icon-box\"><img decoding=\"async\" src=\"https:\/\/ayarireinigung.ch\/wp-content\/uploads\/2026\/01\/someone-trimming-bushes-with-garden-scissors-scaled.jpg\" alt=\"Awesome Image\"><\/div>                                <h3><a href=\"https:\/\/ayarireinigung.ch\/?page_id=2338\">Unkraut Bek\u00e4mpfung<\/a><\/h3>                                <p>Unkraut effektiv entfernen<\/p>                                <div class=\"link\"><a href=\"https:\/\/ayarireinigung.ch\/?page_id=2338\">Details anzeigen  +<\/a><\/div>                            <\/div>\n                        <\/div>\n                    <\/div>\n                                        <div class=\"col-lg-3 col-md-6 col-sm-12 service-block\">\n                        <div class=\"service-block-13\">\n                            <div class=\"inner-box\">\n                                <div class=\"icon-box\"><img decoding=\"async\" src=\"https:\/\/ayarireinigung.ch\/wp-content\/uploads\/2026\/02\/close-up-trash-bags-filled-with-trash-after-cleaning-environment-scaled.jpg\" alt=\"Awesome Image\"><\/div>                                <h3><a href=\"https:\/\/ayarireinigung.ch\/?page_id=4375\">Entsorgung <\/a><\/h3>                                <p>Professionell und Effizient.<\/p>                                <div class=\"link\"><a href=\"https:\/\/ayarireinigung.ch\/?page_id=4375\">Details anzeigen  +<\/a><\/div>                            <\/div>\n                        <\/div>\n                    <\/div>\n                                    <\/div>\n            <\/div>\n            <div class=\"lower-content\">\n                <div class=\"row clearfix\">\n                                                            <div class=\"col-lg-2 col-md-6 col-sm-12 text-column \">\n                        <div class=\"text\">\n                            <p><\/p>\n                        <\/div>\n                    <\/div>\n                                    <\/div>\n            <\/div>\n        <\/div>\n    <\/section>\n    <!-- service-style-12 end -->\n\n        \t\t\t\t<\/div>\n\t\t\t\t<\/div>\n\t\t\t\t\t<\/div>\n\t\t<\/div>\n\t\t\t\t\t<\/div>\n\t\t<\/section>\n\t\t\t\t<section class=\"elementor-section elementor-top-section elementor-element elementor-element-44639a4 elementor-section-full_width elementor-section-height-default elementor-section-height-default\" data-id=\"44639a4\" data-element_type=\"section\" data-e-type=\"section\">\n\t\t\t\t\t\t<div class=\"elementor-container elementor-column-gap-default\">\n\t\t\t\t\t<div class=\"elementor-column elementor-col-100 elementor-top-column elementor-element elementor-element-a3f63ef\" data-id=\"a3f63ef\" data-element_type=\"column\" data-e-type=\"column\">\n\t\t\t<div class=\"elementor-widget-wrap elementor-element-populated\">\n\t\t\t\t\t\t<div class=\"elementor-element elementor-element-f78e622 elementor-widget elementor-widget-homlane_ta_video_section\" data-id=\"f78e622\" data-element_type=\"widget\" data-e-type=\"widget\" data-widget_type=\"homlane_ta_video_section.default\">\n\t\t\t\t<div class=\"elementor-widget-container\">\n\t\t\t\t\t\t\n    <!-- video-section -->\n    <section class=\"video-section\"  style=\"background-image: url(https:\/\/ayarireinigung.ch\/wp-content\/uploads\/2022\/05\/video-bg-2-2.jpg);\">\n        <div class=\"container\">\n            <div class=\"inner-box\">\n                <h6>Wir sch\u00e4tzen Ihre Umgebung<\/h6>                <h2>Ihr vertrauensw\u00fcrdiger Partner f\u00fcr Reinigung und Entsorgung in der Schweiz\n<\/h2>                <div class=\"btn-box\"><a href=\"https:\/\/ayarireinigung.ch\/?page_id=2266\" class=\"theme-btn-two\"><span>Kontaktieren Sie uns<\/span><\/a><\/div>                            <\/div>\n        <\/div>\n    <\/section>\n    <!-- video-section end -->\n                \n        \t\t\t\t<\/div>\n\t\t\t\t<\/div>\n\t\t\t\t\t<\/div>\n\t\t<\/div>\n\t\t\t\t\t<\/div>\n\t\t<\/section>\n\t\t\t\t<\/div>\n\t\t","protected":false},"excerpt":{"rendered":"<p>Dienstleistungen Home Dienstleistungen Was wir tun Unsere Reinigungsdienstleistungen Wohnungs\u2011 &amp; Hausreinigung Staubwischen und Oberfl\u00e4chenreinigung Details anzeigen + Professionelle B\u00fcroreinigung Gesunde Arbeitsumgebung Details anzeigen + Glas\u2011 &amp; Fensterreinigung Reinigung von Innen- und Au\u00dfenfenstern Details anzeigen + Umzugs- &amp; Endreinigung Gr\u00fcndliche Reinigung aller R\u00e4ume Details anzeigen + Fassaden-reinigung Saubere Fassaden garantiert Details anzeigen + Treppenhaus-reinigung Saubere Treppen [&hellip;]<\/p>\n","protected":false},"author":1,"featured_media":0,"parent":0,"menu_order":0,"comment_status":"closed","ping_status":"closed","template":"tpl-default-elementor.php","meta":{"footnotes":""},"class_list":["post-2246","page","type-page","status-publish","hentry"],"_hostinger_reach_plugin_has_subscription_block":false,"_hostinger_reach_plugin_is_elementor":false,"_links":{"self":[{"href":"https:\/\/ayarireinigung.ch\/index.php?rest_route=\/wp\/v2\/pages\/2246","targetHints":{"allow":["GET"]}}],"collection":[{"href":"https:\/\/ayarireinigung.ch\/index.php?rest_route=\/wp\/v2\/pages"}],"about":[{"href":"https:\/\/ayarireinigung.ch\/index.php?rest_route=\/wp\/v2\/types\/page"}],"author":[{"embeddable":true,"href":"https:\/\/ayarireinigung.ch\/index.php?rest_route=\/wp\/v2\/users\/1"}],"replies":[{"embeddable":true,"href":"https:\/\/ayarireinigung.ch\/index.php?rest_route=%2Fwp%2Fv2%2Fcomments&post=2246"}],"version-history":[{"count":118,"href":"https:\/\/ayarireinigung.ch\/index.php?rest_route=\/wp\/v2\/pages\/2246\/revisions"}],"predecessor-version":[{"id":4595,"href":"https:\/\/ayarireinigung.ch\/index.php?rest_route=\/wp\/v2\/pages\/2246\/revisions\/4595"}],"wp:attachment":[{"href":"https:\/\/ayarireinigung.ch\/index.php?rest_route=%2Fwp%2Fv2%2Fmedia&parent=2246"}],"curies":[{"name":"wp","href":"https:\/\/api.w.org\/{rel}","templated":true}]}}